{"id":3923,"date":"2024-06-30T08:01:40","date_gmt":"2024-06-30T08:01:40","guid":{"rendered":"https:\/\/dailylifehtc.com\/?page_id=3923"},"modified":"2024-07-02T00:15:29","modified_gmt":"2024-07-02T00:15:29","slug":"su-menh","status":"publish","type":"page","link":"https:\/\/dailylifehtc.com\/vi\/su-menh\/","title":{"rendered":"S\u1ee9 m\u1ec7nh"},"content":{"rendered":"<p><strong>S\u1ee9 m\u1ec7nh<\/strong><br \/>K\u1ec3 t\u1eeb khi th\u00e0nh l\u1eadp \u0111\u1ebfn nay, Daily Life HTC lu\u00f4n n\u1ed7 l\u1ef1c ho\u00e0n th\u00e0nh s\u1ee9 m\u1ec7nh l\u1edbn nh\u1ea5t c\u1ee7a m\u00ecnh: \u201cMANG \u0110\u1ebeN S\u1ee8C KH\u1eceE CHO C\u1ed8NG \u0110\u1ed2NG\u201d \u0110\u1ed1i v\u1edbi Life Life HTC, s\u1ee9c kh\u1ecfe l\u00e0 t\u00e0i s\u1ea3n qu\u00fd gi\u00e1 \u0111\u00e1ng \u0111\u01b0\u1ee3c quan t\u00e2m, ch\u0103m s\u00f3c. S\u1ee9 m\u1ec7nh c\u1ee7a Daily Life HTC l\u00e0 t\u1ea1o ra gi\u00e1 tr\u1ecb cao. s\u1ea3n ph\u1ea9m s\u1ee9c kh\u1ecfe ch\u1ea5t l\u01b0\u1ee3ng t\u1eeb m\u00f3n qu\u00e0 thi\u00ean nhi\u00ean ban t\u1eb7ng cho \u0111\u00f4ng \u0111\u1ea3o ng\u01b0\u1eddi ti\u00eau d\u00f9ng, x\u00e2y d\u1ef1ng n\u1ec1n t\u1ea3ng s\u1ee9c kh\u1ecfe v\u1eefng ch\u1eafc cho c\u1ed9ng \u0111\u1ed3ng. T\u1ea7m nh\u00ecn c\u1ee7a ch\u00fang t\u00f4i l\u00e0 th\u00e0nh l\u1eadp m\u1ed9t c\u00f4ng ty t\u1ef7 \u0111\u00f4 trong t\u01b0\u01a1ng lai v\u00e0 mang l\u1ea1i s\u1ef1 th\u1ecbnh v\u01b0\u1ee3ng t\u00e0i ch\u00ednh v\u00e0 s\u1ee9c kh\u1ecfe cho to\u00e0n th\u1ec3 nh\u00e2n vi\u00ean, c\u00f4ng nh\u00e2n v\u00e0 c\u1ed9ng t\u00e1c vi\u00ean. trong h\u1ec7 sinh th\u00e1i HTC Cu\u1ed9c s\u1ed1ng h\u00e0ng ng\u00e0y.<\/p><p><strong>T\u1ea7m nh\u00ecn<\/strong><br \/>Nh\u00e0 m\u00e1y QN-Labs v\u00e0 GMP c\u1ee7a Daily Life USA s\u1ea3n xu\u1ea5t th\u1ef1c ph\u1ea9m ch\u1ee9c n\u0103ng ch\u1ea5t l\u01b0\u1ee3ng cao \u0111\u1ea1t ti\u00eau chu\u1ea9n FDA v\u00e0 GMP C\u00f4ng ty \u0111\u00e3 ho\u1ea1t \u0111\u1ed9ng v\u00e0 ph\u00e1t tri\u1ec3n h\u01a1n 10 n\u0103m t\u1ea1i M\u1ef9, kh\u1eb3ng \u0111\u1ecbnh th\u01b0\u01a1ng hi\u1ec7u v\u00e0 ph\u00e2n ph\u1ed1i r\u1ed9ng r\u00e3i s\u1ea3n ph\u1ea9m t\u1ea1i M\u1ef9, Canada v\u00e0 M\u1ef9. S\u1ea3n ph\u1ea9m c\u1ee7a HTC Life Life \u0110\u00f4ng \u00c2u \u0111\u01b0\u1ee3c C\u1ee5c An to\u00e0n th\u1ef1c ph\u1ea9m B\u1ed9 Y t\u1ebf Vi\u1ec7t Nam ki\u1ec3m \u0111\u1ecbnh v\u00e0 c\u1ea5p ph\u00e9p.<\/p><p>T\u1ea7m nh\u00ecn trong 5 n\u0103m t\u1edbi: H\u01b0\u1edbng t\u1edbi \u00edt nh\u1ea5t 20% d\u00e2n s\u1ed1 Vi\u1ec7t Nam (kho\u1ea3ng 20 tri\u1ec7u ng\u01b0\u1eddi) s\u1eed d\u1ee5ng th\u1ef1c ph\u1ea9m ch\u1ee9c n\u0103ng ch\u1ea5t l\u01b0\u1ee3ng cao, gi\u00e1 c\u1ea3 h\u1ee3p l\u00fd. Th\u1ecb tr\u01b0\u1eddng c\u00f3 ti\u1ec1m n\u0103ng \u0111\u00e1ng k\u1ec3 cho c\u00e1c doanh nghi\u1ec7p cung c\u1ea5p th\u1ef1c ph\u1ea9m ch\u1ee9c n\u0103ng ch\u1ea5t l\u01b0\u1ee3ng cao, gi\u00e1 th\u00e0nh h\u1ee3p l\u00fd. Cu\u1ed9c s\u1ed1ng h\u1eb1ng ng\u00e0y HTC ph\u1ea5n \u0111\u1ea5u d\u1eabn \u0111\u1ea7u ng\u00e0nh v\u00e0 tr\u1edf th\u00e0nh th\u01b0\u01a1ng hi\u1ec7u h\u00e0ng \u0111\u1ea7u khi ng\u01b0\u1eddi Vi\u1ec7t ngh\u0129 \u0111\u1ebfn th\u1ef1c ph\u1ea9m ch\u1ee9c n\u0103ng, t\u1ea1o ni\u1ec1m tin cho ng\u01b0\u1eddi ti\u00eau d\u00f9ng.<\/p><p>Daily Life HTC l\u00e0 c\u00f4ng ty nghi\u00ean c\u1ee9u, s\u1ea3n xu\u1ea5t v\u00e0 ph\u00e2n ph\u1ed1i \u0111\u1ed9c quy\u1ec1n c\u00e1c s\u1ea3n ph\u1ea9m ch\u1ea5t l\u01b0\u1ee3ng c\u1ee7a M\u1ef9. Ch\u00fang t\u00f4i cam k\u1ebft n\u00e2ng cao s\u1ee9c kh\u1ecfe c\u1ed9ng \u0111\u1ed3ng, mang l\u1ea1i nhi\u1ec1u l\u1ee3i \u00edch cho ng\u01b0\u1eddi s\u1eed d\u1ee5ng th\u1ef1c ph\u1ea9m ch\u1ee9c n\u0103ng v\u00e0 c\u00e0 ph\u00ea t\u1ed1t cho s\u1ee9c kh\u1ecfe.<\/p><p>Daily Life HTC cam k\u1ebft mang l\u1ea1i s\u1ef1 h\u1ee3p t\u00e1c v\u00e0 tr\u1ea3i nghi\u1ec7m t\u1ed1t nh\u1ea5t c\u00f3 th\u1ec3 cho c\u00e1c \u0111\u1ed1i t\u00e1c v\u1ec1 ch\u1ea5t l\u01b0\u1ee3ng s\u1ea3n ph\u1ea9m v\u00e0 gi\u00e1 c\u1ea3. \u0110\u1ea3m b\u1ea3o TR\u1eba &#8211; S\u1ee8C KH\u1eceE &#8211; S\u1eaeC \u0110\u1eb8P cho ng\u01b0\u1eddi d\u00e2n Vi\u1ec7t Nam.<\/p>","protected":false},"excerpt":{"rendered":"<p>S\u1ee9 m\u1ec7nhK\u1ec3 t\u1eeb khi th\u00e0nh l\u1eadp \u0111\u1ebfn nay, Daily Life HTC lu\u00f4n n\u1ed7 l\u1ef1c ho\u00e0n th\u00e0nh s\u1ee9 m\u1ec7nh l\u1edbn nh\u1ea5t c\u1ee7a m\u00ecnh: \u201cMANG \u0110\u1ebeN S\u1ee8C KH\u1eceE CHO C\u1ed8NG \u0110\u1ed2NG\u201d \u0110\u1ed1i v\u1edbi Life Life HTC, s\u1ee9c kh\u1ecfe l\u00e0 t\u00e0i s\u1ea3n qu\u00fd gi\u00e1 \u0111\u00e1ng \u0111\u01b0\u1ee3c quan t\u00e2m, ch\u0103m s\u00f3c. S\u1ee9 m\u1ec7nh c\u1ee7a Daily Life HTC l\u00e0 t\u1ea1o [&hellip;]<\/p>","protected":false},"author":1,"featured_media":0,"parent":0,"menu_order":0,"comment_status":"closed","ping_status":"closed","template":"","meta":{"footnotes":""},"class_list":["post-3923","page","type-page","status-publish","hentry"],"aioseo_notices":[],"_links":{"self":[{"href":"https:\/\/dailylifehtc.com\/vi\/wp-json\/wp\/v2\/pages\/3923","targetHints":{"allow":["GET"]}}],"collection":[{"href":"https:\/\/dailylifehtc.com\/vi\/wp-json\/wp\/v2\/pages"}],"about":[{"href":"https:\/\/dailylifehtc.com\/vi\/wp-json\/wp\/v2\/types\/page"}],"author":[{"embeddable":true,"href":"https:\/\/dailylifehtc.com\/vi\/wp-json\/wp\/v2\/users\/1"}],"replies":[{"embeddable":true,"href":"https:\/\/dailylifehtc.com\/vi\/wp-json\/wp\/v2\/comments?post=3923"}],"version-history":[{"count":2,"href":"https:\/\/dailylifehtc.com\/vi\/wp-json\/wp\/v2\/pages\/3923\/revisions"}],"predecessor-version":[{"id":3926,"href":"https:\/\/dailylifehtc.com\/vi\/wp-json\/wp\/v2\/pages\/3923\/revisions\/3926"}],"wp:attachment":[{"href":"https:\/\/dailylifehtc.com\/vi\/wp-json\/wp\/v2\/media?parent=3923"}],"curies":[{"name":"wp","href":"https:\/\/api.w.org\/{rel}","templated":true}]}}