{"id":3932,"date":"2024-07-01T13:00:36","date_gmt":"2024-07-01T13:00:36","guid":{"rendered":"https:\/\/dailylifehtc.com\/?page_id=3932"},"modified":"2024-07-02T15:06:25","modified_gmt":"2024-07-02T15:06:25","slug":"ve-chung-toi","status":"publish","type":"page","link":"https:\/\/dailylifehtc.com\/vi\/ve-chung-toi\/","title":{"rendered":"V\u1ec1 ch\u00fang t\u00f4i"},"content":{"rendered":"<div class=\"wpb-content-wrapper\"><div data-g5element-full-width=\"true\" class=\"vc_row wpb_row vc_row-fluid vc-col-no-pt vc_custom_1620186255864 vc_row-has-fill\"><div class=\"wpb_column vc_column_container vc_col-sm-12\"><div class=\"vc_column-inner\"><div class=\"wpb_wrapper\"><div class=\"gel-space gel-87098bda9cf0bf3bee1ad02ec556953e\"><\/div><div class=\"gel-heading gel-heading-style-02 text-center\">\n\t\t<h2 class=\"gel-heading-title gel-b491f81d5b4f3fe9ad1d38b244eb7532\">\n\t\tGi\u00e1 tr\u1ecb c\u1ed1t l\u00f5i\t<\/h2>\n\t<\/div><div class=\"gel-space gel-1ef0bd1b6c1530e8b73976370f611f48\"><\/div><\/div><\/div><\/div><div class=\"wpb_column vc_column_container vc_col-sm-12\"><div class=\"vc_column-inner\"><div class=\"wpb_wrapper\"><div class=\"gel-slider-container slick-slider  custom-slider-container-04\"\n     data-slick-init=\"false\"\n     data-slick-options=\"{&quot;vertical&quot;:false,&quot;slidesToShow&quot;:3,&quot;slidesToScroll&quot;:3,&quot;centerMode&quot;:false,&quot;centerPadding&quot;:&quot;50px&quot;,&quot;arrows&quot;:false,&quot;dots&quot;:true,&quot;infinite&quot;:false,&quot;adaptiveHeight&quot;:false,&quot;speed&quot;:300,&quot;autoplay&quot;:false,&quot;autoplaySpeed&quot;:3000,&quot;pauseOnHover&quot;:false,&quot;fade&quot;:false,&quot;rtl&quot;:false,&quot;responsive&quot;:[{&quot;breakpoint&quot;:992,&quot;settings&quot;:{&quot;slidesToShow&quot;:2,&quot;slidesToScroll&quot;:2}},{&quot;breakpoint&quot;:768,&quot;settings&quot;:{&quot;slidesToShow&quot;:1,&quot;slidesToScroll&quot;:1}},{&quot;breakpoint&quot;:576,&quot;settings&quot;:{&quot;slidesToShow&quot;:1,&quot;slidesToScroll&quot;:1}}],&quot;focusOnSelect&quot;:false,&quot;draggable&quot;:true}\">\n\t<div class=\"gel-image-box img-default gel-image-box-style-02 gel-image-box-69f89b1166baf\">\n    \t\t<div class=\"image\">\n\t\t\t\t<span class=\"g5core__lazy-image\" style=\"--g5-lazy-image-width: 192px;--g5-lazy-image-height: 100%\"><img decoding=\"async\" width=\"192\" height=\"192\" src=\"https:\/\/dailylifehtc.com\/wp-content\/plugins\/g5-core\/assets\/images\/placeholder-transparent.png\" class=\"gel-effect-content g5core__ll-image\" alt=\"\" data-src=\"https:\/\/dailylifehtc.com\/wp-content\/uploads\/2024\/07\/android-chrome-192x192-9.png\" data-srcset=\"https:\/\/dailylifehtc.com\/wp-content\/uploads\/2024\/07\/android-chrome-192x192-9.png 192w, https:\/\/dailylifehtc.com\/wp-content\/uploads\/2024\/07\/android-chrome-192x192-9-150x150.png 150w, https:\/\/dailylifehtc.com\/wp-content\/uploads\/2024\/07\/android-chrome-192x192-9-12x12.png 12w\" data-sizes=\"(max-width: 192px) 100vw, 192px\" \/><\/span>\t\t\t\t\t<\/div>\n<div class=\"content-box\">\n            <h4 class=\"title\">\n                        S\u1ef1 tin c\u1eady c\u1ee7a kh\u00e1ch h\u00e0ng                    <\/h4>\n                <div class=\"description\">\n\t        <p>Lu\u00f4n \u0111\u1ec1 cao ni\u1ec1m tin kh\u00e1ch h\u00e0ng<\/p>\n        <\/div>\n        <\/div><\/div><div class=\"gel-image-box img-default gel-image-box-style-02 gel-image-box-69f89b1167342\">\n    \t\t<div class=\"image\">\n\t\t\t\t<span class=\"g5core__lazy-image\" style=\"--g5-lazy-image-width: 192px;--g5-lazy-image-height: 100%\"><img decoding=\"async\" width=\"192\" height=\"192\" src=\"https:\/\/dailylifehtc.com\/wp-content\/plugins\/g5-core\/assets\/images\/placeholder-transparent.png\" class=\"gel-effect-content g5core__ll-image\" alt=\"\" data-src=\"https:\/\/dailylifehtc.com\/wp-content\/uploads\/2024\/07\/android-chrome-192x192-10.png\" data-srcset=\"https:\/\/dailylifehtc.com\/wp-content\/uploads\/2024\/07\/android-chrome-192x192-10.png 192w, https:\/\/dailylifehtc.com\/wp-content\/uploads\/2024\/07\/android-chrome-192x192-10-150x150.png 150w, https:\/\/dailylifehtc.com\/wp-content\/uploads\/2024\/07\/android-chrome-192x192-10-12x12.png 12w\" data-sizes=\"(max-width: 192px) 100vw, 192px\" \/><\/span>\t\t\t\t\t<\/div>\n<div class=\"content-box\">\n            <h4 class=\"title\">\n                        Ch\u1ea5t l\u01b0\u1ee3ng s\u1ea3n ph\u1ea9m                    <\/h4>\n                <div class=\"description\">\n\t        <p>Ch\u00fa tr\u1ecdng ch\u1ea5t l\u01b0\u1ee3ng s\u1ea3n ph\u1ea9m<\/p>\n        <\/div>\n        <\/div><\/div><div class=\"gel-image-box img-default gel-image-box-style-02 gel-image-box-69f89b1167a47\">\n    \t\t<div class=\"image\">\n\t\t\t\t<span class=\"g5core__lazy-image\" style=\"--g5-lazy-image-width: 192px;--g5-lazy-image-height: 100%\"><img decoding=\"async\" width=\"192\" height=\"192\" src=\"https:\/\/dailylifehtc.com\/wp-content\/plugins\/g5-core\/assets\/images\/placeholder-transparent.png\" class=\"gel-effect-content g5core__ll-image\" alt=\"\" data-src=\"https:\/\/dailylifehtc.com\/wp-content\/uploads\/2024\/07\/android-chrome-192x192-11.png\" data-srcset=\"https:\/\/dailylifehtc.com\/wp-content\/uploads\/2024\/07\/android-chrome-192x192-11.png 192w, https:\/\/dailylifehtc.com\/wp-content\/uploads\/2024\/07\/android-chrome-192x192-11-150x150.png 150w, https:\/\/dailylifehtc.com\/wp-content\/uploads\/2024\/07\/android-chrome-192x192-11-12x12.png 12w\" data-sizes=\"(max-width: 192px) 100vw, 192px\" \/><\/span>\t\t\t\t\t<\/div>\n<div class=\"content-box\">\n            <h4 class=\"title\">\n                        Kh\u00f4ng ng\u1eebng c\u1ea3i ti\u00ean                    <\/h4>\n                <div class=\"description\">\n\t        <p>Kh\u00f4ng ng\u1eebng c\u1ea3i ti\u1ebfn \u0111\u1ec3 \u0111\u00e1p \u1ee9ng nhu c\u1ea7u ch\u0103m s\u00f3c s\u1ee9c kho\u1ebb c\u1ee7a kh\u00e1ch h\u00e0ng<\/p>\n        <\/div>\n        <\/div><\/div><\/div><\/div><\/div><\/div><div class=\"wpb_column vc_column_container vc_col-sm-12\"><div class=\"vc_column-inner\"><div class=\"wpb_wrapper\"><div class=\"gel-space gel-7ac9a8b20648fa3871678e4cd5691f55\"><\/div><\/div><\/div><\/div><\/div><div class=\"vc_row-full-width vc_clearfix\"><\/div><div class=\"vc_row wpb_row vc_row-fluid vc-col-no-pt\"><div class=\"wpb_column vc_column_container vc_col-sm-12\"><div class=\"vc_column-inner\"><div class=\"wpb_wrapper\"><div class=\"gel-space gel-9a039ba10eeb0cd000d82a030d971208\"><\/div><div class=\"gel-heading gel-heading-style-02 text-center\">\n\t\t<h2 class=\"gel-heading-title gel-b491f81d5b4f3fe9ad1d38b244eb7532\">\n\t\tTh\u00e0nh vi\u00ean\t<\/h2>\n\t<\/div><div class=\"gel-space gel-1818bb93a2550ed3a3c9df65fdebaf2f\"><\/div><div class=\"gel-slider-container slick-slider\"\n     data-slick-init=\"false\"\n     data-slick-options=\"{&quot;vertical&quot;:false,&quot;slidesToShow&quot;:5,&quot;slidesToScroll&quot;:5,&quot;centerMode&quot;:false,&quot;centerPadding&quot;:&quot;50px&quot;,&quot;arrows&quot;:true,&quot;dots&quot;:false,&quot;infinite&quot;:false,&quot;adaptiveHeight&quot;:false,&quot;speed&quot;:300,&quot;autoplay&quot;:false,&quot;autoplaySpeed&quot;:3000,&quot;pauseOnHover&quot;:false,&quot;fade&quot;:false,&quot;rtl&quot;:false,&quot;responsive&quot;:[{&quot;breakpoint&quot;:992,&quot;settings&quot;:{&quot;slidesToShow&quot;:4,&quot;slidesToScroll&quot;:4}},{&quot;breakpoint&quot;:768,&quot;settings&quot;:{&quot;slidesToShow&quot;:2,&quot;slidesToScroll&quot;:2}},{&quot;breakpoint&quot;:576,&quot;settings&quot;:{&quot;slidesToShow&quot;:1,&quot;slidesToScroll&quot;:1}}],&quot;focusOnSelect&quot;:false,&quot;draggable&quot;:true}\">\n\t<div class=\"gel-our-team gel-our-team-style-01\">\n\t\t\t<div class=\"gel-our-team-avatar gel-our-team-avatar-circle\">\n\t\t\t<span class=\"g5core__lazy-image\" style=\"--g5-lazy-image-width: 260px;--g5-lazy-image-height: 100%;\"><img loading=\"lazy\" decoding=\"async\" width=\"260\" height=\"260\" src=\"https:\/\/dailylifehtc.com\/wp-content\/plugins\/g5-core\/assets\/images\/placeholder-transparent.png\" class=\"attachment-full size-full g5core__ll-image\" alt=\"\" data-src=\"https:\/\/dailylifehtc.com\/wp-content\/uploads\/2021\/04\/our-team-01.jpg\" \/><\/span>\t\t<\/div>\n\t            <div class=\"gel-our-team-inner\">\n                            <h4 class=\"gel-our-team-name\">\n                    <a href=\"#\">                    Sampson Totton                    <\/a>                <\/h4>\n                                                                <div class=\"gel-our-team-socials\">\n                                    <\/div>\n                    <\/div>\n    <\/div><div class=\"gel-our-team gel-our-team-style-01\">\n\t\t\t<div class=\"gel-our-team-avatar gel-our-team-avatar-circle\">\n\t\t\t<span class=\"g5core__lazy-image\" style=\"--g5-lazy-image-width: 260px;--g5-lazy-image-height: 100%;\"><img loading=\"lazy\" decoding=\"async\" width=\"260\" height=\"260\" src=\"https:\/\/dailylifehtc.com\/wp-content\/plugins\/g5-core\/assets\/images\/placeholder-transparent.png\" class=\"attachment-full size-full g5core__ll-image\" alt=\"\" data-src=\"https:\/\/dailylifehtc.com\/wp-content\/uploads\/2021\/04\/our-team-02.jpg\" \/><\/span>\t\t<\/div>\n\t            <div class=\"gel-our-team-inner\">\n                            <h4 class=\"gel-our-team-name\">\n                    <a href=\"#\">                    Chioke Chinasa                    <\/a>                <\/h4>\n                                                                <div class=\"gel-our-team-socials\">\n                                    <\/div>\n                    <\/div>\n    <\/div><div class=\"gel-our-team gel-our-team-style-01\">\n\t\t\t<div class=\"gel-our-team-avatar gel-our-team-avatar-circle\">\n\t\t\t<span class=\"g5core__lazy-image\" style=\"--g5-lazy-image-width: 260px;--g5-lazy-image-height: 100%;\"><img loading=\"lazy\" decoding=\"async\" width=\"260\" height=\"260\" src=\"https:\/\/dailylifehtc.com\/wp-content\/plugins\/g5-core\/assets\/images\/placeholder-transparent.png\" class=\"attachment-full size-full g5core__ll-image\" alt=\"\" data-src=\"https:\/\/dailylifehtc.com\/wp-content\/uploads\/2021\/04\/our-team-03.jpg\" \/><\/span>\t\t<\/div>\n\t            <div class=\"gel-our-team-inner\">\n                            <h4 class=\"gel-our-team-name\">\n                    <a href=\"#\">                    Fakhri Shokoohi                    <\/a>                <\/h4>\n                                                                <div class=\"gel-our-team-socials\">\n                                    <\/div>\n                    <\/div>\n    <\/div><div class=\"gel-our-team gel-our-team-style-01\">\n\t\t\t<div class=\"gel-our-team-avatar gel-our-team-avatar-circle\">\n\t\t\t<span class=\"g5core__lazy-image\" style=\"--g5-lazy-image-width: 260px;--g5-lazy-image-height: 100%;\"><img loading=\"lazy\" decoding=\"async\" width=\"260\" height=\"260\" src=\"https:\/\/dailylifehtc.com\/wp-content\/plugins\/g5-core\/assets\/images\/placeholder-transparent.png\" class=\"attachment-full size-full g5core__ll-image\" alt=\"\" data-src=\"https:\/\/dailylifehtc.com\/wp-content\/uploads\/2021\/04\/our-team-04.jpg\" \/><\/span>\t\t<\/div>\n\t            <div class=\"gel-our-team-inner\">\n                            <h4 class=\"gel-our-team-name\">\n                    <a href=\"#\">                    Mattie Blooman                    <\/a>                <\/h4>\n                                                                <div class=\"gel-our-team-socials\">\n                                    <\/div>\n                    <\/div>\n    <\/div><div class=\"gel-our-team gel-our-team-style-01\">\n\t\t\t<div class=\"gel-our-team-avatar gel-our-team-avatar-circle\">\n\t\t\t<span class=\"g5core__lazy-image\" style=\"--g5-lazy-image-width: 260px;--g5-lazy-image-height: 100%;\"><img loading=\"lazy\" decoding=\"async\" width=\"260\" height=\"260\" src=\"https:\/\/dailylifehtc.com\/wp-content\/plugins\/g5-core\/assets\/images\/placeholder-transparent.png\" class=\"attachment-full size-full g5core__ll-image\" alt=\"\" data-src=\"https:\/\/dailylifehtc.com\/wp-content\/uploads\/2021\/04\/our-team-05.jpg\" \/><\/span>\t\t<\/div>\n\t            <div class=\"gel-our-team-inner\">\n                            <h4 class=\"gel-our-team-name\">\n                    <a href=\"#\">                    Kip Collison                    <\/a>                <\/h4>\n                                                                <div class=\"gel-our-team-socials\">\n                                    <\/div>\n                    <\/div>\n    <\/div><div class=\"gel-our-team gel-our-team-style-01\">\n\t\t\t<div class=\"gel-our-team-avatar gel-our-team-avatar-circle\">\n\t\t\t<span class=\"g5core__lazy-image\" style=\"--g5-lazy-image-width: 260px;--g5-lazy-image-height: 100%;\"><img loading=\"lazy\" decoding=\"async\" width=\"260\" height=\"260\" src=\"https:\/\/dailylifehtc.com\/wp-content\/plugins\/g5-core\/assets\/images\/placeholder-transparent.png\" class=\"attachment-full size-full g5core__ll-image\" alt=\"\" data-src=\"https:\/\/dailylifehtc.com\/wp-content\/uploads\/2021\/04\/our-team-01.jpg\" \/><\/span>\t\t<\/div>\n\t            <div class=\"gel-our-team-inner\">\n                            <h4 class=\"gel-our-team-name\">\n                    <a href=\"#\">                    Sampson Totton                    <\/a>                <\/h4>\n                                                                <div class=\"gel-our-team-socials\">\n                                    <\/div>\n                    <\/div>\n    <\/div><\/div><div class=\"gel-space gel-f8d1b142a393a6d9682bdcc2da30fe52\"><\/div><\/div><\/div><\/div><\/div>\n<\/div>","protected":false},"excerpt":{"rendered":"Gi\u00e1 tr\u1ecb c\u1ed1t l\u00f5i S\u1ef1 tin c\u1eady c\u1ee7a kh\u00e1ch h\u00e0ng Lu\u00f4n \u0111\u1ec1 cao ni\u1ec1m tin kh\u00e1ch h\u00e0ng Ch\u1ea5t l\u01b0\u1ee3ng s\u1ea3n ph\u1ea9m Ch\u00fa tr\u1ecdng ch\u1ea5t l\u01b0\u1ee3ng s\u1ea3n ph\u1ea9m Kh\u00f4ng ng\u1eebng c\u1ea3i ti\u00ean Kh\u00f4ng ng\u1eebng c\u1ea3i ti\u1ebfn \u0111\u1ec3 \u0111\u00e1p \u1ee9ng nhu c\u1ea7u ch\u0103m s\u00f3c s\u1ee9c kho\u1ebb c\u1ee7a kh\u00e1ch h\u00e0ng Th\u00e0nh vi\u00ean Sampson Totton Chioke Chinasa Fakhri Shokoohi [...]","protected":false},"author":1,"featured_media":0,"parent":0,"menu_order":0,"comment_status":"closed","ping_status":"closed","template":"","meta":{"footnotes":""},"class_list":["post-3932","page","type-page","status-publish","hentry"],"aioseo_notices":[],"_links":{"self":[{"href":"https:\/\/dailylifehtc.com\/vi\/wp-json\/wp\/v2\/pages\/3932","targetHints":{"allow":["GET"]}}],"collection":[{"href":"https:\/\/dailylifehtc.com\/vi\/wp-json\/wp\/v2\/pages"}],"about":[{"href":"https:\/\/dailylifehtc.com\/vi\/wp-json\/wp\/v2\/types\/page"}],"author":[{"embeddable":true,"href":"https:\/\/dailylifehtc.com\/vi\/wp-json\/wp\/v2\/users\/1"}],"replies":[{"embeddable":true,"href":"https:\/\/dailylifehtc.com\/vi\/wp-json\/wp\/v2\/comments?post=3932"}],"version-history":[{"count":4,"href":"https:\/\/dailylifehtc.com\/vi\/wp-json\/wp\/v2\/pages\/3932\/revisions"}],"predecessor-version":[{"id":3992,"href":"https:\/\/dailylifehtc.com\/vi\/wp-json\/wp\/v2\/pages\/3932\/revisions\/3992"}],"wp:attachment":[{"href":"https:\/\/dailylifehtc.com\/vi\/wp-json\/wp\/v2\/media?parent=3932"}],"curies":[{"name":"wp","href":"https:\/\/api.w.org\/{rel}","templated":true}]}}