{"id":3519,"date":"2024-05-23T02:52:13","date_gmt":"2024-05-23T02:52:13","guid":{"rendered":"http:\/\/localhost\/htc\/?post_type=product&#038;p=3519"},"modified":"2025-03-27T08:05:04","modified_gmt":"2025-03-27T08:05:04","slug":"glucosamine","status":"publish","type":"product","link":"https:\/\/dailylifehtc.com\/vi\/san-pham\/glucosamine\/","title":{"rendered":"Glucosamine &#8211; 60 capsules (60 vi\u00ean)"},"content":{"rendered":"<div class=\"flex-1 overflow-hidden\">\n<div class=\"react-scroll-to-bottom--css-zmyrm-79elbk h-full\">\n<div class=\"react-scroll-to-bottom--css-zmyrm-1n7m0yu\">\n<div>\n<div class=\"flex flex-col text-sm pb-9\">\n<div class=\"w-full text-token-text-primary\" dir=\"auto\" data-testid=\"conversation-turn-33\" data-scroll-anchor=\"true\">\n<div class=\"py-2 juice:py-[18px] px-3 text-base md:px-4 m-auto md:px-5 lg:px-1 xl:px-5\">\n<div class=\"mx-auto flex flex-1 gap-3 text-base juice:gap-4 juice:md:gap-6 md:max-w-3xl lg:max-w-[40rem] xl:max-w-[48rem]\">\n<div class=\"group\/conversation-turn relative flex w-full min-w-0 flex-col agent-turn\">\n<div class=\"flex-col gap-1 md:gap-3\">\n<div class=\"flex flex-grow flex-col max-w-full\">\n<div class=\"min-h-[20px] text-message flex flex-col items-start whitespace-pre-wrap break-words [.text-message+&amp;]:mt-5 juice:w-full juice:items-end overflow-x-auto gap-2\" dir=\"auto\" data-message-author-role=\"assistant\" data-message-id=\"abca046d-6cbc-4e18-80b9-b65b0d4653a3\">\n<div class=\"flex w-full flex-col gap-1 juice:empty:hidden juice:first:pt-[3px]\">\n<div class=\"markdown prose w-full break-words dark:prose-invert light\">\n<p><strong>BENEFITS &#8211; C\u00d4NG D\u1ee4NG<\/strong><\/p>\n<p>Glucosamine is essential for daily life, especially for individuals over 40 years old, as it helps alleviate joint pain, osteoporosis, and spinal issues.<\/p>\n<p>Hyaluronic acid, previously administered through direct joint injections, can now be easily absorbed through oral consumption thanks to Nano-technology. It&#8217;s the key element in treating joint degeneration, maintaining joint lubrication, facilitating smooth joint movement, and bearing loads. Additionally, it inhibits cartilage degeneration and possesses anti-inflammatory properties, reducing pain.<\/p>\n<p>Lubrication enhances joint flexibility and durability, supplementing Phosphorus, Calcium, and vital components of bones and cartilage.<\/p>\n<p>Slows down spinal degeneration, strengthens ligament-cartilage connections, increases collagen absorption, and protects it within cartilage.<\/p>\n<p>Hyaluronic acid remains a pivotal component in treating joint degeneration. It&#8217;s the main ingredient in joint fluid and cartilage, maintaining lubrication for smooth joint movements and load-bearing capabilities. It inhibits cartilage degeneration and possesses anti-inflammatory properties, reducing pain.<\/p>\n<\/div>\n<\/div>\n<\/div>\n<\/div>\n<div class=\"mt-1 flex gap-3 empty:hidden juice:-ml-3\">\n<div class=\"items-center justify-start rounded-xl p-1 flex\">\n<div class=\"flex items-center\">\n<p>&nbsp;<\/p>\n<p>Glucosamine r\u1ea5t c\u1ea7n thi\u1ebft cho cu\u1ed9c s\u1ed1ng h\u00e0ng ng\u00e0y, \u0111\u1eb7c bi\u1ec7t \u0111\u1ed1i v\u1edbi nh\u1eefng ng\u01b0\u1eddi tr\u00ean 40 tu\u1ed5i, v\u00ec n\u00f3 gi\u00fap gi\u1ea3m \u0111au kh\u1edbp, lo\u00e3ng x\u01b0\u01a1ng v\u00e0 c\u00e1c v\u1ea5n \u0111\u1ec1 v\u1ec1 c\u1ed9t s\u1ed1ng.<\/p>\n<p>Axit hyaluronic, tr\u01b0\u1edbc \u0111\u00e2y \u0111\u01b0\u1ee3c s\u1eed d\u1ee5ng th\u00f4ng qua ti\u00eam tr\u1ef1c ti\u1ebfp v\u00e0o kh\u1edbp, gi\u1edd \u0111\u00e2y c\u00f3 th\u1ec3 d\u1ec5 d\u00e0ng h\u1ea5p th\u1ee5 qua \u0111\u01b0\u1eddng u\u1ed1ng nh\u1edd c\u00f4ng ngh\u1ec7 Nano. \u0110\u00e2y l\u00e0 y\u1ebfu t\u1ed1 ch\u00ednh trong \u0111i\u1ec1u tr\u1ecb tho\u00e1i h\u00f3a kh\u1edbp, b\u00f4i tr\u01a1n kh\u1edbp, t\u1ea1o \u0111i\u1ec1u ki\u1ec7n cho kh\u1edbp c\u1eed \u0111\u1ed9ng tr\u01a1n tru v\u00e0 ch\u1ecbu t\u1ea3i. tho\u00e1i h\u00f3a v\u00e0 c\u00f3 \u0111\u1eb7c t\u00ednh ch\u1ed1ng vi\u00eam, gi\u1ea3m \u0111au.<\/p>\n<p>B\u00f4i tr\u01a1n gi\u00fap t\u0103ng c\u01b0\u1eddng \u0111\u1ed9 linh ho\u1ea1t v\u00e0 \u0111\u1ed9 b\u1ec1n c\u1ee7a kh\u1edbp, b\u1ed5 sung Ph\u1ed1t pho, Canxi v\u00e0 c\u00e1c th\u00e0nh ph\u1ea7n quan tr\u1ecdng c\u1ee7a x\u01b0\u01a1ng v\u00e0 s\u1ee5n.<\/p>\n<p>L\u00e0m ch\u1eadm qu\u00e1 tr\u00ecnh tho\u00e1i h\u00f3a c\u1ed9t s\u1ed1ng, t\u0103ng c\u01b0\u1eddng k\u1ebft n\u1ed1i d\u00e2y ch\u1eb1ng-s\u1ee5n, t\u0103ng kh\u1ea3 n\u0103ng h\u1ea5p th\u1ee5 collagen v\u00e0 b\u1ea3o v\u1ec7 n\u00f3 trong s\u1ee5n.<\/p>\n<p>Axit hyaluronic v\u1eabn l\u00e0 th\u00e0nh ph\u1ea7n quan tr\u1ecdng trong \u0111i\u1ec1u tr\u1ecb tho\u00e1i h\u00f3a kh\u1edbp. N\u00f3 l\u00e0 th\u00e0nh ph\u1ea7n ch\u00ednh trong d\u1ecbch kh\u1edbp v\u00e0 s\u1ee5n, duy tr\u00ec s\u1ef1 b\u00f4i tr\u01a1n cho kh\u1edbp c\u1eed \u0111\u1ed9ng tr\u01a1n tru v\u00e0 kh\u1ea3 n\u0103ng ch\u1ecbu t\u1ea3i. N\u00f3 \u1ee9c ch\u1ebf qu\u00e1 tr\u00ecnh tho\u00e1i h\u00f3a s\u1ee5n v\u00e0 c\u00f3 \u0111\u1eb7c t\u00ednh ch\u1ed1ng vi\u00eam, gi\u1ea3m \u0111au.<\/p>\n<p>&nbsp;<\/p>\n<p>&nbsp;<\/p>\n<\/div>\n<\/div>\n<\/div>\n<div class=\"pr-2 lg:pr-0\"><\/div>\n<\/div>\n<div class=\"absolute\">\n<div class=\"flex w-full gap-2 items-center justify-center\"><\/div>\n<\/div>\n<\/div>\n<\/div>\n<\/div>\n<\/div>\n<\/div>\n<\/div>\n<\/div>\n<\/div>\n<\/div>\n<div class=\"w-full md:pt-0 dark:border-white\/20 md:border-transparent md:dark:border-transparent md:w-[calc(100%-.5rem)] juice:w-full\">\n<div class=\"px-3 text-base md:px-4 m-auto md:px-5 lg:px-1 xl:px-5\">\n<div class=\"mx-auto flex flex-1 gap-3 text-base juice:gap-4 juice:md:gap-6 md:max-w-3xl lg:max-w-[40rem] xl:max-w-[48rem]\">\n<form class=\"w-full\" action=\"\">\n<div class=\"relative flex h-full max-w-full flex-1 flex-col\">\n<div class=\"absolute bottom-full left-0 right-0\"><\/div>\n<div class=\"flex w-full items-center\">\n<div class=\"flex w-full flex-col gap-1.5 rounded-[26px] p-1.5 transition-colors bg-[#f4f4f4] dark:bg-token-main-surface-secondary\">\n<div class=\"flex items-end gap-1.5 md:gap-3.5\"><\/div>\n<\/div>\n<\/div>\n<\/div>\n<input type=\"hidden\" name=\"trp-form-language\" value=\"vi\"\/><\/form>\n<\/div>\n<\/div>\n<\/div>","protected":false},"excerpt":{"rendered":"<p><strong>INGREDIENTS &#8211; TH\u00c0NH PH\u1ea6N<\/strong><\/p>\n<p>Glucosamine Sulfate &#8230;&#8230;&#8230;&#8230;&#8230; 1500 mg<br \/>\nVitamin C &#8230;&#8230;&#8230;&#8230;&#8230;&#8230;&#8230;&#8230;&#8230;&#8230;&#8230;&#8230;.. 79 mg<br \/>\nVitamin D-3 &#8230;&#8230;&#8230;&#8230;&#8230;&#8230;&#8230;&#8230;&#8230;&#8230;&#8230;. 420 IU<br \/>\nGlucosamine &#8230;&#8230;&#8230;&#8230;&#8230;&#8230;&#8230;&#8230;&#8230;&#8230;.. 1500 mg<br \/>\nPh\u1ee9c h\u1ee3p Chondroitine &#8230;&#8230;&#8230;.. 1200 mg<br \/>\nCollagen type 2&#8230;&#8230;&#8230;&#8230;&#8230;&#8230;&#8230;&#8230;&#8230; 79 mg<br \/>\nB\u1ed9t m\u00f3ng qu\u1ef7&#8230;&#8230;&#8230;&#8230;&#8230;&#8230;&#8230;&#8230;&#8230;&#8230; 79 mg<br \/>\nAxit Hyaluronic&#8230;&#8230;&#8230;&#8230;&#8230;&#8230;&#8230;&#8230;&#8230;.. 25 mg<\/p>\n<p><strong>USAGE &#8211; C\u00c1CH D\u00d9NG<\/strong><\/p>\n<p>Take 2 capsules daily, divided into 2 doses, 1 capsule each time, 30 minutes before or after meals. Alternatively, take a single dose of 2 capsules, 30 minutes before or after meals. Or follow the instructions of a physician\/healthcare professional.<\/p>\n<p>U\u1ed1ng 2 vi\u00ean m\u1ed7i ng\u00e0y, chia l\u00e0m 2 l\u1ea7n, m\u1ed7i l\u1ea7n 1 vi\u00ean, tr\u01b0\u1edbc ho\u1eb7c sau b\u1eefa \u0103n 30 ph\u00fat. Ngo\u00e0i ra, u\u1ed1ng m\u1ed9t li\u1ec1u duy nh\u1ea5t 2 vi\u00ean, tr\u01b0\u1edbc ho\u1eb7c sau b\u1eefa \u0103n 30 ph\u00fat. Ho\u1eb7c l\u00e0m theo h\u01b0\u1edbng d\u1eabn c\u1ee7a b\u00e1c s\u0129\/chuy\u00ean gia ch\u0103m s\u00f3c s\u1ee9c kh\u1ecfe.<\/p>","protected":false},"featured_media":3834,"template":"","meta":[],"product_cat":[86],"product_tag":[],"class_list":{"0":"post-3519","1":"product","2":"type-product","3":"status-publish","4":"has-post-thumbnail","6":"product_cat-functional-foods","8":"first","9":"instock","10":"shipping-taxable","11":"product-type-simple","12":"add-to-wishlist-after_add_to_cart"},"aioseo_notices":[],"_links":{"self":[{"href":"https:\/\/dailylifehtc.com\/vi\/wp-json\/wp\/v2\/product\/3519","targetHints":{"allow":["GET"]}}],"collection":[{"href":"https:\/\/dailylifehtc.com\/vi\/wp-json\/wp\/v2\/product"}],"about":[{"href":"https:\/\/dailylifehtc.com\/vi\/wp-json\/wp\/v2\/types\/product"}],"wp:featuredmedia":[{"embeddable":true,"href":"https:\/\/dailylifehtc.com\/vi\/wp-json\/wp\/v2\/media\/3834"}],"wp:attachment":[{"href":"https:\/\/dailylifehtc.com\/vi\/wp-json\/wp\/v2\/media?parent=3519"}],"wp:term":[{"taxonomy":"product_cat","embeddable":true,"href":"https:\/\/dailylifehtc.com\/vi\/wp-json\/wp\/v2\/product_cat?post=3519"},{"taxonomy":"product_tag","embeddable":true,"href":"https:\/\/dailylifehtc.com\/vi\/wp-json\/wp\/v2\/product_tag?post=3519"}],"curies":[{"name":"wp","href":"https:\/\/api.w.org\/{rel}","templated":true}]}}