{"id":3520,"date":"2024-05-23T02:53:51","date_gmt":"2024-05-23T02:53:51","guid":{"rendered":"http:\/\/localhost\/htc\/?post_type=product&#038;p=3520"},"modified":"2025-03-27T08:04:33","modified_gmt":"2025-03-27T08:04:33","slug":"cordyceps-gold","status":"publish","type":"product","link":"https:\/\/dailylifehtc.com\/vi\/san-pham\/cordyceps-gold\/","title":{"rendered":"Cordyceps Gold &#8211; 60 capsules (60 vi\u00ean)"},"content":{"rendered":"<p><strong>BENEFITS &#8211; C\u00d4NG D\u1ee4NG<\/strong><\/p>\n<p>\u2022 Positively impacts various conditions such as bronchitis-induced cough, beneficial for children with delayed growth.<br \/>\n\u2022 Counters the adverse effects of pharmaceuticals on the kidneys.<br \/>\n\u2022 Lowers blood pressure in hypertensive individuals, stabilizes heart rhythm, enhances blood circulation throughout the body.<br \/>\n\u2022 Slows down the aging process, limits age-related diseases.<br \/>\n\u2022 Enhances digestive absorption, aids in optimal nutrient absorption.<br \/>\n\u2022 Calms nerves, enhances libido, prevents erectile dysfunction.<\/p>\n<p>Cordycepin is considered a potent anticancer active compound, extensively researched in various cancers, including brain, oral, breast, lung, hepatocellular carcinoma, bladder, colon, testicular, prostate cancer, and melanoma through regulating multiple signaling pathways related to cell proliferation, cell survival, apoptosis, invasion, metastasis, angiogenesis, and cancer immunity. Additionally, Cordycepin has anti-inflammatory, antioxidant, neuroprotective, cardioprotective, anti-asthmatic, diuretic, anti-diabetic, anti-hyperlipidemic, anti-osteoporotic, anti-fatigue, renal protective, dermatoprotective, and antiviral properties.<\/p>\n<p>&nbsp;<\/p>\n<p>\u2022 T\u00e1c \u0111\u1ed9ng t\u00edch c\u1ef1c \u0111\u1ebfn nhi\u1ec1u b\u1ec7nh nh\u01b0 ho do vi\u00eam ph\u1ebf qu\u1ea3n, c\u00f3 l\u1ee3i cho tr\u1ebb ch\u1eadm l\u1edbn.<br \/>\n\u2022 Ch\u1ed1ng l\u1ea1i t\u00e1c d\u1ee5ng ph\u1ee5 c\u1ee7a d\u01b0\u1ee3c ph\u1ea9m \u0111\u1ed1i v\u1edbi th\u1eadn.<br \/>\n\u2022 H\u1ea1 huy\u1ebft \u00e1p \u1edf ng\u01b0\u1eddi cao huy\u1ebft \u00e1p, \u1ed5n \u0111\u1ecbnh nh\u1ecbp tim, t\u0103ng c\u01b0\u1eddng tu\u1ea7n ho\u00e0n m\u00e1u to\u00e0n c\u01a1 th\u1ec3.<br \/>\n\u2022 L\u00e0m ch\u1eadm qu\u00e1 tr\u00ecnh l\u00e3o h\u00f3a, h\u1ea1n ch\u1ebf c\u00e1c b\u1ec7nh li\u00ean quan \u0111\u1ebfn tu\u1ed5i t\u00e1c.<br \/>\n\u2022 T\u0103ng c\u01b0\u1eddng h\u1ea5p thu ti\u00eau h\u00f3a, h\u1ed7 tr\u1ee3 h\u1ea5p thu d\u01b0\u1ee1ng ch\u1ea5t t\u1ed1i \u01b0u.<br \/>\n\u2022 L\u00e0m d\u1ecbu th\u1ea7n kinh, t\u0103ng c\u01b0\u1eddng ham mu\u1ed1n t\u00ecnh d\u1ee5c, ng\u0103n ng\u1eeba r\u1ed1i lo\u1ea1n c\u01b0\u01a1ng d\u01b0\u01a1ng.<\/p>\n<p>Cordycepin \u0111\u01b0\u1ee3c coi l\u00e0 m\u1ed9t h\u1ee3p ch\u1ea5t c\u00f3 ho\u1ea1t t\u00ednh ch\u1ed1ng ung th\u01b0 m\u1ea1nh, \u0111\u01b0\u1ee3c nghi\u00ean c\u1ee9u r\u1ed9ng r\u00e3i trong nhi\u1ec1u lo\u1ea1i ung th\u01b0 kh\u00e1c nhau, bao g\u1ed3m ung th\u01b0 n\u00e3o, mi\u1ec7ng, v\u00fa, ph\u1ed5i, ung th\u01b0 bi\u1ec3u m\u00f4 t\u1ebf b\u00e0o gan, b\u00e0ng quang, \u0111\u1ea1i tr\u00e0ng, tinh ho\u00e0n, ung th\u01b0 tuy\u1ebfn ti\u1ec1n li\u1ec7t v\u00e0 kh\u1ed1i u \u00e1c t\u00ednh th\u00f4ng qua vi\u1ec7c \u0111i\u1ec1u ch\u1ec9nh nhi\u1ec1u con \u0111\u01b0\u1eddng truy\u1ec1n t\u00edn hi\u1ec7u li\u00ean quan \u0111\u1ebfn s\u1ef1 t\u0103ng sinh t\u1ebf b\u00e0o, s\u1ef1 s\u1ed1ng c\u1ee7a t\u1ebf b\u00e0o. , apoptosis, x\u00e2m l\u1ea5n, di c\u0103n, h\u00ecnh th\u00e0nh m\u1ea1ch v\u00e0 mi\u1ec5n d\u1ecbch ung th\u01b0. Ngo\u00e0i ra, Cordycepin c\u00f2n c\u00f3 t\u00e1c d\u1ee5ng ch\u1ed1ng vi\u00eam, ch\u1ed1ng oxy h\u00f3a, b\u1ea3o v\u1ec7 th\u1ea7n kinh, b\u1ea3o v\u1ec7 tim m\u1ea1ch, ch\u1ed1ng hen suy\u1ec5n, l\u1ee3i ti\u1ec3u, ch\u1ed1ng ti\u1ec3u \u0111\u01b0\u1eddng, ch\u1ed1ng t\u0103ng lipid m\u00e1u, ch\u1ed1ng lo\u00e3ng x\u01b0\u01a1ng, ch\u1ed1ng m\u1ec7t m\u1ecfi, th\u1eadn. \u0111\u1eb7c t\u00ednh b\u1ea3o v\u1ec7, b\u1ea3o v\u1ec7 da v\u00e0 kh\u00e1ng vi-r\u00fat.<\/p>\n<p>&nbsp;<\/p>","protected":false},"excerpt":{"rendered":"<p><strong>INGREDIENTS &#8211; TH\u00c0NH PH\u1ea6N<\/strong><\/p>\n<p>Cordyceps Sinensis &#8230;&#8230;&#8230;&#8230;&#8230;&#8230;. 750 mg<br \/>\nGelatin, Magnesium Stearate, Silicon Dioxide<\/p>\n<p><strong>USAGE &#8211; C\u00c1CH D\u00d9NG<\/strong><\/p>\n<p>Take 2 capsules daily, divided into 2 doses, 1 capsule each time, 30 minutes before or after meals. Alternatively, take a single dose of 2 capsules, 30 minutes before or after meals. Or follow the instructions of a physician\/healthcare professional.<\/p>\n<p>U\u1ed1ng 2 vi\u00ean m\u1ed7i ng\u00e0y, chia l\u00e0m 2 l\u1ea7n, m\u1ed7i l\u1ea7n 1 vi\u00ean, tr\u01b0\u1edbc ho\u1eb7c sau b\u1eefa \u0103n 30 ph\u00fat. Ngo\u00e0i ra, u\u1ed1ng m\u1ed9t li\u1ec1u duy nh\u1ea5t 2 vi\u00ean, tr\u01b0\u1edbc ho\u1eb7c sau b\u1eefa \u0103n 30 ph\u00fat. Ho\u1eb7c l\u00e0m theo h\u01b0\u1edbng d\u1eabn c\u1ee7a b\u00e1c s\u0129\/chuy\u00ean gia ch\u0103m s\u00f3c s\u1ee9c kh\u1ecfe.<\/p>","protected":false},"featured_media":3833,"template":"","meta":[],"product_cat":[86],"product_tag":[],"class_list":{"0":"post-3520","1":"product","2":"type-product","3":"status-publish","4":"has-post-thumbnail","6":"product_cat-functional-foods","8":"first","9":"instock","10":"shipping-taxable","11":"product-type-simple","12":"add-to-wishlist-after_add_to_cart"},"aioseo_notices":[],"_links":{"self":[{"href":"https:\/\/dailylifehtc.com\/vi\/wp-json\/wp\/v2\/product\/3520","targetHints":{"allow":["GET"]}}],"collection":[{"href":"https:\/\/dailylifehtc.com\/vi\/wp-json\/wp\/v2\/product"}],"about":[{"href":"https:\/\/dailylifehtc.com\/vi\/wp-json\/wp\/v2\/types\/product"}],"wp:featuredmedia":[{"embeddable":true,"href":"https:\/\/dailylifehtc.com\/vi\/wp-json\/wp\/v2\/media\/3833"}],"wp:attachment":[{"href":"https:\/\/dailylifehtc.com\/vi\/wp-json\/wp\/v2\/media?parent=3520"}],"wp:term":[{"taxonomy":"product_cat","embeddable":true,"href":"https:\/\/dailylifehtc.com\/vi\/wp-json\/wp\/v2\/product_cat?post=3520"},{"taxonomy":"product_tag","embeddable":true,"href":"https:\/\/dailylifehtc.com\/vi\/wp-json\/wp\/v2\/product_tag?post=3520"}],"curies":[{"name":"wp","href":"https:\/\/api.w.org\/{rel}","templated":true}]}}