{"id":3521,"date":"2024-05-23T02:55:33","date_gmt":"2024-05-23T02:55:33","guid":{"rendered":"http:\/\/localhost\/htc\/?post_type=product&#038;p=3521"},"modified":"2025-03-27T08:05:19","modified_gmt":"2025-03-27T08:05:19","slug":"omega-3-fishoil","status":"publish","type":"product","link":"https:\/\/dailylifehtc.com\/vi\/san-pham\/omega-3-fishoil\/","title":{"rendered":"Omega 3 Fish oil &#8211; 100 capsules (100 vi\u00ean)"},"content":{"rendered":"<p><strong>BENEFITS &#8211; C\u00d4NG D\u1ee4NG<\/strong><\/p>\n<p>\u2022 Prevents cardiovascular diseases, reduces liver fat.<br \/>\n\u2022 Improves sleep, enhances vision, promotes eye health.<br \/>\n\u2022 Develops the brain (prevents depression), prevents neurological disorders.<br \/>\n\u2022 Prevents colorectal cancer, enhances memory.<br \/>\n\u2022 Prevents prostate cancer (in men), prevents breast cancer (in women).<\/p>\n<p>Fish oil helps prevent cardiovascular diseases by reducing triglycerides, cholesterol, and arterial stiffness, as well as preventing arrhythmias. Additionally, fish oil has outstanding effects in balancing cholesterol levels.<\/p>\n<p>EPA (Eicosapentaenoic Acid) in most high-quality fish oil supplements helps balance cholesterol.<\/p>\n<p>DHA (Docosahexaenoic Acid) helps reduce total cholesterol, LDL-bad cholesterol, and blood triglycerides, preventing arterial plaque and coronary artery disease in older children and adults.<\/p>\n<p>&nbsp;<\/p>\n<p>\u2022 Ng\u0103n ng\u1eeba c\u00e1c b\u1ec7nh v\u1ec1 tim m\u1ea1ch, gi\u1ea3m m\u1ee1 gan.<br \/>\n\u2022 C\u1ea3i thi\u1ec7n gi\u1ea5c ng\u1ee7, t\u0103ng c\u01b0\u1eddng th\u1ecb l\u1ef1c, t\u0103ng c\u01b0\u1eddng s\u1ee9c kh\u1ecfe cho m\u1eaft.<br \/>\n\u2022 Ph\u00e1t tri\u1ec3n tr\u00ed n\u00e3o (ng\u0103n ng\u1eeba tr\u1ea7m c\u1ea3m), ng\u0103n ng\u1eeba r\u1ed1i lo\u1ea1n th\u1ea7n kinh.<br \/>\n\u2022 Ng\u0103n ng\u1eeba ung th\u01b0 \u0111\u1ea1i tr\u1ef1c tr\u00e0ng, t\u0103ng c\u01b0\u1eddng tr\u00ed nh\u1edb.<br \/>\n\u2022 Ng\u0103n ng\u1eeba ung th\u01b0 tuy\u1ebfn ti\u1ec1n li\u1ec7t (\u1edf nam), ng\u0103n ng\u1eeba ung th\u01b0 v\u00fa (\u1edf n\u1eef).<\/p>\n<p>D\u1ea7u c\u00e1 gi\u00fap ng\u0103n ng\u1eeba c\u00e1c b\u1ec7nh tim m\u1ea1ch b\u1eb1ng c\u00e1ch gi\u1ea3m ch\u1ea5t b\u00e9o trung t\u00ednh, cholesterol v\u00e0 \u0111\u1ed9 c\u1ee9ng \u0111\u1ed9ng m\u1ea1ch, c\u0169ng nh\u01b0 ng\u0103n ng\u1eeba r\u1ed1i lo\u1ea1n nh\u1ecbp tim. Ngo\u00e0i ra, d\u1ea7u c\u00e1 c\u00f2n c\u00f3 t\u00e1c d\u1ee5ng v\u01b0\u1ee3t tr\u1ed9i trong vi\u1ec7c c\u00e2n b\u1eb1ng l\u01b0\u1ee3ng cholesterol.<\/p>\n<p>EPA (Eicosapentaenoic Acid) trong h\u1ea7u h\u1ebft c\u00e1c lo\u1ea1i d\u1ea7u c\u00e1 b\u1ed5 sung ch\u1ea5t l\u01b0\u1ee3ng cao gi\u00fap c\u00e2n b\u1eb1ng cholesterol.<\/p>\n<p>DHA (Docosahexaenoic Acid) gi\u00fap gi\u1ea3m cholesterol to\u00e0n ph\u1ea7n, cholesterol x\u1ea5u LDL v\u00e0 triglycerid m\u00e1u, ng\u0103n ng\u1eeba m\u1ea3ng b\u00e1m \u0111\u1ed9ng m\u1ea1ch v\u00e0 b\u1ec7nh \u0111\u1ed9ng m\u1ea1ch v\u00e0nh \u1edf tr\u1ebb l\u1edbn v\u00e0 ng\u01b0\u1eddi l\u1edbn.<\/p>","protected":false},"excerpt":{"rendered":"<p><strong>INGREDIENTS &#8211; TH\u00c0NH PH\u1ea6N<\/strong><\/p>\n<p>Tinh d\u1ea7u c\u00e1 &#8230;&#8230;&#8230;&#8230;&#8230;&#8230;&#8230;&#8230;&#8230;&#8230; 1000 mg<br \/>\nEPA &#8230;&#8230;&#8230;&#8230;&#8230;&#8230;&#8230;&#8230;&#8230;&#8230;&#8230;&#8230;&#8230;&#8230;&#8230;&#8230;. 180 mg<br \/>\nDHA &#8230;&#8230;&#8230;&#8230;&#8230;&#8230;&#8230;&#8230;&#8230;&#8230;&#8230;&#8230;&#8230;&#8230;&#8230;.. 120 mg<br \/>\nAcid b\u00e9o Omega &#8211; 3 &#8230;&#8230;.. 300 mg<\/p>\n<p><strong>USAGE &#8211; C\u00c1CH D\u00d9NG<\/strong><\/p>\n<p>Take 3 capsules daily, divided into 3 doses:<br \/>\n\u2022 1 capsule in the morning, before or after a meal<br \/>\n\u2022 1 capsule at noon, before or after a meal<br \/>\n\u2022 1 capsule in the evening, before or after a meal<\/p>\n<p>U\u1ed1ng 3 vi\u00ean m\u1ed7i ng\u00e0y, chia l\u00e0m 3 l\u1ea7n:<br \/>\n\u2022 1 vi\u00ean v\u00e0o bu\u1ed5i s\u00e1ng, tr\u01b0\u1edbc ho\u1eb7c sau b\u1eefa \u0103n<br \/>\n\u2022 1 vi\u00ean v\u00e0o bu\u1ed5i tr\u01b0a, tr\u01b0\u1edbc ho\u1eb7c sau b\u1eefa \u0103n<br \/>\n\u2022 1 vi\u00ean v\u00e0o bu\u1ed5i t\u1ed1i, tr\u01b0\u1edbc ho\u1eb7c sau b\u1eefa \u0103n<\/p>\n<p>&nbsp;<\/p>","protected":false},"featured_media":3832,"template":"","meta":[],"product_cat":[86],"product_tag":[],"class_list":{"0":"post-3521","1":"product","2":"type-product","3":"status-publish","4":"has-post-thumbnail","6":"product_cat-functional-foods","8":"first","9":"instock","10":"shipping-taxable","11":"product-type-simple","12":"add-to-wishlist-after_add_to_cart"},"aioseo_notices":[],"_links":{"self":[{"href":"https:\/\/dailylifehtc.com\/vi\/wp-json\/wp\/v2\/product\/3521","targetHints":{"allow":["GET"]}}],"collection":[{"href":"https:\/\/dailylifehtc.com\/vi\/wp-json\/wp\/v2\/product"}],"about":[{"href":"https:\/\/dailylifehtc.com\/vi\/wp-json\/wp\/v2\/types\/product"}],"wp:featuredmedia":[{"embeddable":true,"href":"https:\/\/dailylifehtc.com\/vi\/wp-json\/wp\/v2\/media\/3832"}],"wp:attachment":[{"href":"https:\/\/dailylifehtc.com\/vi\/wp-json\/wp\/v2\/media?parent=3521"}],"wp:term":[{"taxonomy":"product_cat","embeddable":true,"href":"https:\/\/dailylifehtc.com\/vi\/wp-json\/wp\/v2\/product_cat?post=3521"},{"taxonomy":"product_tag","embeddable":true,"href":"https:\/\/dailylifehtc.com\/vi\/wp-json\/wp\/v2\/product_tag?post=3521"}],"curies":[{"name":"wp","href":"https:\/\/api.w.org\/{rel}","templated":true}]}}