{"id":3523,"date":"2024-05-23T02:56:21","date_gmt":"2024-05-23T02:56:21","guid":{"rendered":"http:\/\/localhost\/htc\/?post_type=product&#038;p=3523"},"modified":"2025-03-27T08:16:28","modified_gmt":"2025-03-27T08:16:28","slug":"red-corshi-plus","status":"publish","type":"product","link":"https:\/\/dailylifehtc.com\/vi\/san-pham\/red-corshi-plus\/","title":{"rendered":"Red Corshi Plus &#8211; 60 capsules (60 vi\u00ean)"},"content":{"rendered":"<p><strong>BENEFITS &#8211; C\u00d4NG D\u1ee4NG<\/strong><\/p>\n<p>REISHI MUSHROOM<\/p>\n<p>Enhances immune system: Reishi mushrooms have been shown to modulate genes in white blood cells, potentially altering inflammatory processes within these cells.<br \/>\nProtects against infections and fights certain types of cancer: Additionally, Reishi mushrooms may protect the body against infectious agents and combat certain types of cancer. Moreover, their use may increase the number of white blood cells in colorectal cancer patients.<br \/>\nReduces fatigue, depression, and nervous exhaustion: Reishi mushrooms can alleviate fatigue, depression, and nervous exhaustion (headaches, dizziness), thereby improving quality of life.<br \/>\nEnhances antioxidant activity: Many believe that using Reishi mushrooms enhances antioxidant activity in the body by supplying antioxidants, molecules that can prevent cell damage. However, more research is needed to confirm this benefit.<br \/>\nPromotes cardiovascular health: Using Reishi mushrooms may increase HDL &#8220;good&#8221; cholesterol and decrease neutral fats in the blood, factors believed to be associated with the risk of heart disease. However, more research is needed to confirm this benefit.<\/p>\n<p>CORDYCEPS SINENSIS<\/p>\n<p>Strengthens immune system: Cordyceps sinensis is excellent for boosting the immune system through a mechanism that stimulates the body to produce more white blood cell warriors. Thanks to this function, the body&#8217;s resistance becomes stronger, combating the most harmful agents.<\/p>\n<p>&nbsp;<\/p>\n<p>N\u1ea4M LINH CHI<\/p>\n<p>T\u0103ng c\u01b0\u1eddng h\u1ec7 th\u1ed1ng mi\u1ec5n d\u1ecbch: N\u1ea5m Linh Chi \u0111\u00e3 \u0111\u01b0\u1ee3c ch\u1ee9ng minh l\u00e0 c\u00f3 t\u00e1c d\u1ee5ng \u0111i\u1ec1u ch\u1ec9nh gen trong t\u1ebf b\u00e0o b\u1ea1ch c\u1ea7u, c\u00f3 kh\u1ea3 n\u0103ng l\u00e0m thay \u0111\u1ed5i qu\u00e1 tr\u00ecnh vi\u00eam trong c\u00e1c t\u1ebf b\u00e0o n\u00e0y.<br \/>\nB\u1ea3o v\u1ec7 ch\u1ed1ng l\u1ea1i nhi\u1ec5m tr\u00f9ng v\u00e0 ch\u1ed1ng l\u1ea1i m\u1ed9t s\u1ed1 lo\u1ea1i ung th\u01b0: ngo\u00e0i ra, n\u1ea5m Reishi c\u00f3 th\u1ec3 b\u1ea3o v\u1ec7 c\u01a1 th\u1ec3 ch\u1ed1ng l\u1ea1i c\u00e1c t\u00e1c nh\u00e2n truy\u1ec1n nhi\u1ec5m v\u00e0 ch\u1ed1ng l\u1ea1i m\u1ed9t s\u1ed1 lo\u1ea1i ung th\u01b0. H\u01a1n n\u1eefa, vi\u1ec7c s\u1eed d\u1ee5ng ch\u00fang c\u00f3 th\u1ec3 l\u00e0m t\u0103ng s\u1ed1 l\u01b0\u1ee3ng t\u1ebf b\u00e0o b\u1ea1ch c\u1ea7u \u1edf b\u1ec7nh nh\u00e2n ung th\u01b0 \u0111\u1ea1i tr\u1ef1c tr\u00e0ng.<br \/>\nGi\u1ea3m m\u1ec7t m\u1ecfi, tr\u1ea7m c\u1ea3m v\u00e0 ki\u1ec7t s\u1ee9c th\u1ea7n kinh: N\u1ea5m Linh Chi c\u00f3 th\u1ec3 l\u00e0m gi\u1ea3m m\u1ec7t m\u1ecfi, tr\u1ea7m c\u1ea3m v\u00e0 ki\u1ec7t s\u1ee9c th\u1ea7n kinh (\u0111au \u0111\u1ea7u, ch\u00f3ng m\u1eb7t), t\u1eeb \u0111\u00f3 c\u1ea3i thi\u1ec7n ch\u1ea5t l\u01b0\u1ee3ng cu\u1ed9c s\u1ed1ng.<br \/>\nT\u0103ng c\u01b0\u1eddng ho\u1ea1t \u0111\u1ed9ng ch\u1ed1ng oxy h\u00f3a: Nhi\u1ec1u ng\u01b0\u1eddi tin r\u1eb1ng s\u1eed d\u1ee5ng n\u1ea5m Linh chi gi\u00fap t\u0103ng c\u01b0\u1eddng ho\u1ea1t \u0111\u1ed9ng ch\u1ed1ng oxy h\u00f3a trong c\u01a1 th\u1ec3 b\u1eb1ng c\u00e1ch cung c\u1ea5p ch\u1ea5t ch\u1ed1ng oxy h\u00f3a, c\u00e1c ph\u00e2n t\u1eed c\u00f3 th\u1ec3 ng\u0103n ng\u1eeba t\u1ed5n th\u01b0\u01a1ng t\u1ebf b\u00e0o. Tuy nhi\u00ean, c\u1ea7n nhi\u1ec1u nghi\u00ean c\u1ee9u h\u01a1n \u0111\u1ec3 x\u00e1c nh\u1eadn l\u1ee3i \u00edch n\u00e0y.<br \/>\nT\u0103ng c\u01b0\u1eddng s\u1ee9c kh\u1ecfe tim m\u1ea1ch: S\u1eed d\u1ee5ng n\u1ea5m Linh chi c\u00f3 th\u1ec3 l\u00e0m t\u0103ng cholesterol HDL \u201ct\u1ed1t\u201d v\u00e0 gi\u1ea3m ch\u1ea5t b\u00e9o trung t\u00ednh trong m\u00e1u, nh\u1eefng y\u1ebfu t\u1ed1 \u0111\u01b0\u1ee3c cho l\u00e0 c\u00f3 li\u00ean quan \u0111\u1ebfn nguy c\u01a1 m\u1eafc b\u1ec7nh tim. Tuy nhi\u00ean, c\u1ea7n nhi\u1ec1u nghi\u00ean c\u1ee9u h\u01a1n \u0111\u1ec3 x\u00e1c nh\u1eadn l\u1ee3i \u00edch n\u00e0y.<\/p>\n<p>TR\u00d9NG TH\u1ea2O<\/p>\n<p>T\u0103ng c\u01b0\u1eddng h\u1ec7 mi\u1ec5n d\u1ecbch: \u0110\u00f4ng tr\u00f9ng h\u1ea1 th\u1ea3o c\u00f3 t\u00e1c d\u1ee5ng tuy\u1ec7t v\u1eddi trong vi\u1ec7c t\u0103ng c\u01b0\u1eddng h\u1ec7 th\u1ed1ng mi\u1ec5n d\u1ecbch th\u00f4ng qua c\u01a1 ch\u1ebf k\u00edch th\u00edch c\u01a1 th\u1ec3 s\u1ea3n sinh ra nhi\u1ec1u chi\u1ebfn binh b\u1ea1ch c\u1ea7u h\u01a1n. Nh\u1edd ch\u1ee9c n\u0103ng n\u00e0y, s\u1ee9c \u0111\u1ec1 kh\u00e1ng c\u1ee7a c\u01a1 th\u1ec3 tr\u1edf n\u00ean m\u1ea1nh m\u1ebd h\u01a1n, ch\u1ed1ng l\u1ea1i c\u00e1c t\u00e1c nh\u00e2n g\u00e2y h\u1ea1i nh\u1ea5t.<\/p>","protected":false},"excerpt":{"rendered":"<p><strong>INGREDIENTS &#8211; TH\u00c0NH PH\u1ea6N<\/strong><\/p>\n<p>Cordyceps Sinensis Extract &#8230;&#8230;&#8230;&#8230; 375mg<br \/>\nReishi Mushroom &#8230;&#8230;&#8230;&#8230;&#8230;&#8230;&#8230;&#8230;&#8230;&#8230;&#8230;.. 375mg<br \/>\nGelatin, Magnesium Stearate, Silicon Dioxide<\/p>\n<p><strong>USAGE &#8211; C\u00c1CH D\u00d9NG<\/strong><\/p>\n<p>Take 2 capsules daily, divided into 2 doses, 1 capsule each time, 30 minutes before or after meals. Alternatively, take a single dose of 2 capsules, 30 minutes before or after meals. Or follow the instructions of a physician\/healthcare professional.<\/p>\n<p>U\u1ed1ng 2 vi\u00ean m\u1ed7i ng\u00e0y, chia l\u00e0m 2 l\u1ea7n, m\u1ed7i l\u1ea7n 1 vi\u00ean, tr\u01b0\u1edbc ho\u1eb7c sau b\u1eefa \u0103n 30 ph\u00fat. Ngo\u00e0i ra, u\u1ed1ng m\u1ed9t li\u1ec1u duy nh\u1ea5t 2 vi\u00ean, tr\u01b0\u1edbc ho\u1eb7c sau b\u1eefa \u0103n 30 ph\u00fat. Ho\u1eb7c l\u00e0m theo h\u01b0\u1edbng d\u1eabn c\u1ee7a b\u00e1c s\u0129\/chuy\u00ean gia ch\u0103m s\u00f3c s\u1ee9c kh\u1ecfe.<\/p>","protected":false},"featured_media":3831,"template":"","meta":[],"product_cat":[86],"product_tag":[],"class_list":{"0":"post-3523","1":"product","2":"type-product","3":"status-publish","4":"has-post-thumbnail","6":"product_cat-functional-foods","8":"first","9":"instock","10":"shipping-taxable","11":"product-type-simple","12":"add-to-wishlist-after_add_to_cart"},"aioseo_notices":[],"_links":{"self":[{"href":"https:\/\/dailylifehtc.com\/vi\/wp-json\/wp\/v2\/product\/3523","targetHints":{"allow":["GET"]}}],"collection":[{"href":"https:\/\/dailylifehtc.com\/vi\/wp-json\/wp\/v2\/product"}],"about":[{"href":"https:\/\/dailylifehtc.com\/vi\/wp-json\/wp\/v2\/types\/product"}],"wp:featuredmedia":[{"embeddable":true,"href":"https:\/\/dailylifehtc.com\/vi\/wp-json\/wp\/v2\/media\/3831"}],"wp:attachment":[{"href":"https:\/\/dailylifehtc.com\/vi\/wp-json\/wp\/v2\/media?parent=3523"}],"wp:term":[{"taxonomy":"product_cat","embeddable":true,"href":"https:\/\/dailylifehtc.com\/vi\/wp-json\/wp\/v2\/product_cat?post=3523"},{"taxonomy":"product_tag","embeddable":true,"href":"https:\/\/dailylifehtc.com\/vi\/wp-json\/wp\/v2\/product_tag?post=3523"}],"curies":[{"name":"wp","href":"https:\/\/api.w.org\/{rel}","templated":true}]}}