{"id":3524,"date":"2024-05-23T02:57:17","date_gmt":"2024-05-23T02:57:17","guid":{"rendered":"http:\/\/localhost\/htc\/?post_type=product&#038;p=3524"},"modified":"2025-03-27T08:04:27","modified_gmt":"2025-03-27T08:04:27","slug":"fucoidan","status":"publish","type":"product","link":"https:\/\/dailylifehtc.com\/vi\/san-pham\/fucoidan\/","title":{"rendered":"Fucoidan &#8211; 60 capsules (60 vi\u00ean)"},"content":{"rendered":"<p><strong>BENEFITS &#8211; C\u00d4NG D\u1ee4NG<\/strong><\/p>\n<p>\u2022 Fucoidan enhances the immune system, provides strong antioxidant effects, attacks cancer cells, and virus-infected cells.<br \/>\n\u2022 Fucoidan prevents the formation of blood clots, cutting off the nutrient supply to cancer cells.<br \/>\n\u2022 Fucoidan reduces the negative effects of chemotherapy and radiation therapy, alleviating pain for cancer patients, helping to increase their will to live.<br \/>\n\u2022 Fucoidan creates conditions for a series of processes to self-destruct cancer cells from the cell surface, cell membrane, and cell nucleus.<br \/>\n\u2022 Fucoidan is a good herbal remedy for cancer prevention.<\/p>\n<p>It inhibits the development and activation of the apoptosis process (programmed cell death process) of cancer cells. Fucoidan inhibits the vascular endothelial growth factor (VEGF) molecule binding to receptors on the cell membrane, leading to the inhibition of new blood vessel formation for cancer cells, cutting off the oxygen and nutrient supply to the tumor.<\/p>\n<p>Fucoidan has also been observed to support reducing joint inflammation for patients with knee arthritis.<\/p>\n<p>Fucoidan shows effects in reducing tumor size, improving the quality of life for patients. Fucoidan also helps reduce fatigue in the group of patients using chemical drugs for cancer treatment.<\/p>\n<p>&nbsp;<\/p>\n<p>\u2022 Fucoidan t\u0103ng c\u01b0\u1eddng h\u1ec7 mi\u1ec5n d\u1ecbch, c\u00f3 t\u00e1c d\u1ee5ng ch\u1ed1ng oxy h\u00f3a m\u1ea1nh, t\u1ea5n c\u00f4ng t\u1ebf b\u00e0o ung th\u01b0, t\u1ebf b\u00e0o nhi\u1ec5m virus.<br \/>\n\u2022 Fucoidan ng\u0103n ng\u1eeba s\u1ef1 h\u00ecnh th\u00e0nh c\u1ee5c m\u00e1u \u0111\u00f4ng, c\u1eaft \u0111\u1ee9t ngu\u1ed3n cung c\u1ea5p ch\u1ea5t dinh d\u01b0\u1ee1ng cho t\u1ebf b\u00e0o ung th\u01b0.<br \/>\n\u2022 Fucoidan l\u00e0m gi\u1ea3m t\u00e1c d\u1ee5ng ti\u00eau c\u1ef1c c\u1ee7a h\u00f3a tr\u1ecb v\u00e0 x\u1ea1 tr\u1ecb, gi\u1ea3m \u0111au cho b\u1ec7nh nh\u00e2n ung th\u01b0, gi\u00fap t\u0103ng \u00fd ch\u00ed s\u1ed1ng.<br \/>\n\u2022 Fucoidan t\u1ea1o \u0111i\u1ec1u ki\u1ec7n cho h\u00e0ng lo\u1ea1t qu\u00e1 tr\u00ecnh t\u1ef1 h\u1ee7y ho\u1ea1i t\u1ebf b\u00e0o ung th\u01b0 t\u1eeb b\u1ec1 m\u1eb7t t\u1ebf b\u00e0o, m\u00e0ng t\u1ebf b\u00e0o v\u00e0 nh\u00e2n t\u1ebf b\u00e0o.<br \/>\n\u2022 Fucoidan l\u00e0 b\u00e0i thu\u1ed1c th\u1ea3o d\u01b0\u1ee3c t\u1ed1t trong ph\u00f2ng ch\u1ed1ng ung th\u01b0.<\/p>\n<p>N\u00f3 \u1ee9c ch\u1ebf s\u1ef1 ph\u00e1t tri\u1ec3n v\u00e0 k\u00edch ho\u1ea1t qu\u00e1 tr\u00ecnh apoptosis (qu\u00e1 tr\u00ecnh ch\u1ebft t\u1ebf b\u00e0o theo ch\u01b0\u01a1ng tr\u00ecnh) c\u1ee7a t\u1ebf b\u00e0o ung th\u01b0. Fucoidan \u1ee9c ch\u1ebf ph\u00e2n t\u1eed y\u1ebfu t\u1ed1 t\u0103ng tr\u01b0\u1edfng n\u1ed9i m\u00f4 m\u1ea1ch m\u00e1u (VEGF) li\u00ean k\u1ebft v\u1edbi c\u00e1c th\u1ee5 th\u1ec3 tr\u00ean m\u00e0ng t\u1ebf b\u00e0o, d\u1eabn \u0111\u1ebfn \u1ee9c ch\u1ebf s\u1ef1 h\u00ecnh th\u00e0nh m\u1ea1ch m\u00e1u m\u1edbi g\u00e2y ung th\u01b0. t\u1ebf b\u00e0o, c\u1eaft \u0111\u1ee9t ngu\u1ed3n cung c\u1ea5p oxy v\u00e0 ch\u1ea5t dinh d\u01b0\u1ee1ng cho kh\u1ed1i u.<\/p>\n<p>Fucoidan c\u0169ng \u0111\u00e3 \u0111\u01b0\u1ee3c quan s\u00e1t th\u1ea5y c\u00f3 t\u00e1c d\u1ee5ng h\u1ed7 tr\u1ee3 gi\u1ea3m vi\u00eam kh\u1edbp cho b\u1ec7nh nh\u00e2n b\u1ecb vi\u00eam kh\u1edbp \u0111\u1ea7u g\u1ed1i.<\/p>\n<p>Fucoidan cho th\u1ea5y t\u00e1c d\u1ee5ng trong vi\u1ec7c gi\u1ea3m k\u00edch th\u01b0\u1edbc kh\u1ed1i u, c\u1ea3i thi\u1ec7n ch\u1ea5t l\u01b0\u1ee3ng cu\u1ed9c s\u1ed1ng cho b\u1ec7nh nh\u00e2n. Fucoidan c\u00f2n gi\u00fap gi\u1ea3m m\u1ec7t m\u1ecfi \u1edf nh\u00f3m b\u1ec7nh nh\u00e2n s\u1eed d\u1ee5ng thu\u1ed1c h\u00f3a h\u1ecdc \u0111\u1ec3 \u0111i\u1ec1u tr\u1ecb ung th\u01b0.<\/p>","protected":false},"excerpt":{"rendered":"<p><strong>INGREDIENTS &#8211; TH\u00c0NH PH\u1ea6N<\/strong><\/p>\n<p>Fucoidan 85%<br \/>\nRice flour, Magnesium Stearate, Vegetarian Capsule<\/p>\n<p><strong>USAGE &#8211; C\u00c1CH D\u00d9NG<\/strong><\/p>\n<p>Take 2 capsules daily, divided into 2 doses:<br \/>\n\u2022 1 capsule in the morning, 30 minutes before or after eating.<br \/>\n\u2022 1 capsule in the evening, 30 minutes before or after eating.<\/p>\n<p>U\u1ed1ng 2 vi\u00ean m\u1ed7i ng\u00e0y, chia l\u00e0m 2 l\u1ea7n:<br \/>\n\u2022 1 vi\u00ean v\u00e0o bu\u1ed5i s\u00e1ng, tr\u01b0\u1edbc ho\u1eb7c sau khi \u0103n 30 ph\u00fat.<br \/>\n\u2022 Bu\u1ed5i t\u1ed1i 1 vi\u00ean, tr\u01b0\u1edbc ho\u1eb7c sau khi \u0103n 30 ph\u00fat.<\/p>","protected":false},"featured_media":3830,"template":"","meta":[],"product_cat":[86],"product_tag":[],"class_list":{"0":"post-3524","1":"product","2":"type-product","3":"status-publish","4":"has-post-thumbnail","6":"product_cat-functional-foods","8":"first","9":"instock","10":"shipping-taxable","11":"product-type-simple","12":"add-to-wishlist-after_add_to_cart"},"aioseo_notices":[],"_links":{"self":[{"href":"https:\/\/dailylifehtc.com\/vi\/wp-json\/wp\/v2\/product\/3524","targetHints":{"allow":["GET"]}}],"collection":[{"href":"https:\/\/dailylifehtc.com\/vi\/wp-json\/wp\/v2\/product"}],"about":[{"href":"https:\/\/dailylifehtc.com\/vi\/wp-json\/wp\/v2\/types\/product"}],"wp:featuredmedia":[{"embeddable":true,"href":"https:\/\/dailylifehtc.com\/vi\/wp-json\/wp\/v2\/media\/3830"}],"wp:attachment":[{"href":"https:\/\/dailylifehtc.com\/vi\/wp-json\/wp\/v2\/media?parent=3524"}],"wp:term":[{"taxonomy":"product_cat","embeddable":true,"href":"https:\/\/dailylifehtc.com\/vi\/wp-json\/wp\/v2\/product_cat?post=3524"},{"taxonomy":"product_tag","embeddable":true,"href":"https:\/\/dailylifehtc.com\/vi\/wp-json\/wp\/v2\/product_tag?post=3524"}],"curies":[{"name":"wp","href":"https:\/\/api.w.org\/{rel}","templated":true}]}}