{"id":3526,"date":"2024-05-23T05:29:13","date_gmt":"2024-05-23T05:29:13","guid":{"rendered":"http:\/\/localhost\/htc\/?post_type=product&#038;p=3526"},"modified":"2025-10-21T08:11:53","modified_gmt":"2025-10-21T08:11:53","slug":"cordycep-2","status":"publish","type":"product","link":"https:\/\/dailylifehtc.com\/vi\/san-pham\/cordycep-2\/","title":{"rendered":"Cordycep Plus 2+"},"content":{"rendered":"<p><strong>BENEFITS &#8211; C\u00d4NG D\u1ee4NG<\/strong><\/p>\n<p>Enhance immune system.<br \/>\nAid in rejuvenation, maintaining a slim figure, and promoting beautiful skin.<br \/>\nSupport treatment of respiratory diseases.<br \/>\nBoost libido.<br \/>\nAssist in treating joint degeneration.<br \/>\nImprove physical fitness during exercise.<br \/>\nReduce stress and fatigue at work.<\/p>\n<p>T\u0103ng c\u01b0\u1eddng h\u1ec7 th\u1ed1ng mi\u1ec5n d\u1ecbch.<br \/>\nH\u1ed7 tr\u1ee3 tr\u1ebb h\u00f3a, duy tr\u00ec v\u00f3c d\u00e1ng thon g\u1ecdn v\u00e0 th\u00fac \u0111\u1ea9y l\u00e0n da \u0111\u1eb9p.<br \/>\nH\u1ed7 tr\u1ee3 \u0111i\u1ec1u tr\u1ecb c\u00e1c b\u1ec7nh v\u1ec1 \u0111\u01b0\u1eddng h\u00f4 h\u1ea5p.<br \/>\nT\u0103ng c\u01b0\u1eddng ham mu\u1ed1n t\u00ecnh d\u1ee5c.<br \/>\nH\u1ed7 tr\u1ee3 \u0111i\u1ec1u tr\u1ecb tho\u00e1i h\u00f3a kh\u1edbp.<br \/>\nC\u1ea3i thi\u1ec7n th\u1ec3 ch\u1ea5t trong qu\u00e1 tr\u00ecnh t\u1eadp luy\u1ec7n.<br \/>\nGi\u1ea3m c\u0103ng th\u1eb3ng, m\u1ec7t m\u1ecfi trong c\u00f4ng vi\u1ec7c.<\/p>","protected":false},"excerpt":{"rendered":"<p><strong>INGREDIENTS &#8211; TH\u00c0NH PH\u1ea6N<\/strong><\/p>\n<p>Coffee: It has antioxidant properties, containing 1,000 antioxidants.<br \/>\nenhances libido, boosts lung and kidney function.<br \/>\nCordyceps: Enhances the immune system, increases<br \/>\nGinseng: Reduces stress, fatigue, promotes blood circulation, aids in sleep, rejuvenates, and beautifies the skin.<\/p>\n<p>C\u00e0 ph\u00ea: N\u00f3 c\u00f3 \u0111\u1eb7c t\u00ednh ch\u1ed1ng oxy h\u00f3a, ch\u1ee9a 1.000 ch\u1ea5t ch\u1ed1ng oxy h\u00f3a.<br \/>\nT\u0103ng c\u01b0\u1eddng ham mu\u1ed1n t\u00ecnh d\u1ee5c, t\u0103ng c\u01b0\u1eddng ch\u1ee9c n\u0103ng ph\u1ed5i v\u00e0 th\u1eadn.<br \/>\n\u0110\u00f4ng Tr\u00f9ng H\u1ea1 Th\u1ea3o: T\u0103ng c\u01b0\u1eddng h\u1ec7 mi\u1ec5n d\u1ecbch, t\u0103ng c\u01b0\u1eddng<br \/>\nNh\u00e2n s\u00e2m: Gi\u1ea3m c\u0103ng th\u1eb3ng, m\u1ec7t m\u1ecfi, th\u00fac \u0111\u1ea9y tu\u1ea7n ho\u00e0n m\u00e1u, h\u1ed7 tr\u1ee3 gi\u1ea5c ng\u1ee7, tr\u1ebb h\u00f3a, l\u00e0m \u0111\u1eb9p da.<\/p>","protected":false},"featured_media":3829,"template":"","meta":[],"product_cat":[87],"product_tag":[],"class_list":{"0":"post-3526","1":"product","2":"type-product","3":"status-publish","4":"has-post-thumbnail","6":"product_cat-coffee","8":"first","9":"instock","10":"shipping-taxable","11":"product-type-simple","12":"add-to-wishlist-after_add_to_cart"},"aioseo_notices":[],"_links":{"self":[{"href":"https:\/\/dailylifehtc.com\/vi\/wp-json\/wp\/v2\/product\/3526","targetHints":{"allow":["GET"]}}],"collection":[{"href":"https:\/\/dailylifehtc.com\/vi\/wp-json\/wp\/v2\/product"}],"about":[{"href":"https:\/\/dailylifehtc.com\/vi\/wp-json\/wp\/v2\/types\/product"}],"wp:featuredmedia":[{"embeddable":true,"href":"https:\/\/dailylifehtc.com\/vi\/wp-json\/wp\/v2\/media\/3829"}],"wp:attachment":[{"href":"https:\/\/dailylifehtc.com\/vi\/wp-json\/wp\/v2\/media?parent=3526"}],"wp:term":[{"taxonomy":"product_cat","embeddable":true,"href":"https:\/\/dailylifehtc.com\/vi\/wp-json\/wp\/v2\/product_cat?post=3526"},{"taxonomy":"product_tag","embeddable":true,"href":"https:\/\/dailylifehtc.com\/vi\/wp-json\/wp\/v2\/product_tag?post=3526"}],"curies":[{"name":"wp","href":"https:\/\/api.w.org\/{rel}","templated":true}]}}