{"id":3528,"date":"2024-05-23T05:30:54","date_gmt":"2024-05-23T05:30:54","guid":{"rendered":"http:\/\/localhost\/htc\/?post_type=product&#038;p=3528"},"modified":"2025-10-21T08:11:41","modified_gmt":"2025-10-21T08:11:41","slug":"pollen-plus-2-coffee","status":"publish","type":"product","link":"https:\/\/dailylifehtc.com\/vi\/san-pham\/pollen-plus-2-coffee\/","title":{"rendered":"Pollen Plus 2+ Coffee"},"content":{"rendered":"<p><strong>BENEFITS &#8211; C\u00d4NG D\u1ee4NG<\/strong><\/p>\n<p>Enhance the immune system.<br \/>\nAid in rejuvenation, maintaining a slim figure, and promoting beautiful skin.<br \/>\nSupport treatment of pulmonary diseases.<br \/>\nBoost libido.<br \/>\nAssist in treating joint degeneration.<br \/>\nImprove physical performance during sports training.<br \/>\nReduce stress and fatigue during work.<\/p>\n<p>T\u0103ng c\u01b0\u1eddng h\u1ec7 th\u1ed1ng mi\u1ec5n d\u1ecbch.<br \/>\nH\u1ed7 tr\u1ee3 tr\u1ebb h\u00f3a, duy tr\u00ec v\u00f3c d\u00e1ng thon g\u1ecdn v\u00e0 th\u00fac \u0111\u1ea9y l\u00e0n da \u0111\u1eb9p.<br \/>\nH\u1ed7 tr\u1ee3 \u0111i\u1ec1u tr\u1ecb c\u00e1c b\u1ec7nh v\u1ec1 ph\u1ed5i.<br \/>\nT\u0103ng c\u01b0\u1eddng ham mu\u1ed1n t\u00ecnh d\u1ee5c.<br \/>\nH\u1ed7 tr\u1ee3 \u0111i\u1ec1u tr\u1ecb tho\u00e1i h\u00f3a kh\u1edbp.<br \/>\nC\u1ea3i thi\u1ec7n hi\u1ec7u su\u1ea5t th\u1ec3 ch\u1ea5t trong qu\u00e1 tr\u00ecnh luy\u1ec7n t\u1eadp th\u1ec3 thao.<br \/>\nGi\u1ea3m c\u0103ng th\u1eb3ng, m\u1ec7t m\u1ecfi trong qu\u00e1 tr\u00ecnh l\u00e0m vi\u1ec7c.<\/p>\n<p>&nbsp;<\/p>","protected":false},"excerpt":{"rendered":"<p><strong>INGREDIENTS &#8211; TH\u00c0NH PH\u1ea6N<\/strong><\/p>\n<p><strong>Natural Pollen<\/strong>: Supports healing of stomach ulcer wounds, increases hormone secretion, aids in maintaining a slim figure, beautiful skin, and weight improvement. Enhances oxygen absorption, boosts the immune system, supports liver function. &#8211;<br \/>\n<strong>Red Reishi Mushroom<\/strong>: Improves blood circulation, enhances cellular<br \/>\n<strong>Coffee<\/strong>: Has antioxidant properties, containing 1,000 antioxidants.<\/p>\n<p><strong>Ph\u1ea5n hoa t\u1ef1 nhi\u00ean:<\/strong> H\u1ed7 tr\u1ee3 ch\u1eefa l\u00e0nh v\u1ebft lo\u00e9t d\u1ea1 d\u00e0y, t\u0103ng ti\u1ebft hormone, h\u1ed7 tr\u1ee3 duy tr\u00ec v\u00f3c d\u00e1ng thon g\u1ecdn, \u0111\u1eb9p da v\u00e0 c\u1ea3i thi\u1ec7n c\u00e2n n\u1eb7ng. T\u0103ng c\u01b0\u1eddng h\u1ea5p th\u1ee5 oxy, t\u0103ng c\u01b0\u1eddng h\u1ec7 th\u1ed1ng mi\u1ec5n d\u1ecbch, h\u1ed7 tr\u1ee3 ch\u1ee9c n\u0103ng gan.<br \/>\n<strong>N\u1ea5m Linh Chi \u0110\u1ecf:<\/strong> C\u1ea3i thi\u1ec7n tu\u1ea7n ho\u00e0n m\u00e1u, t\u0103ng c\u01b0\u1eddng t\u1ebf b\u00e0o<br \/>\n<strong>C\u00e0 ph\u00ea:<\/strong> C\u00f3 \u0111\u1eb7c t\u00ednh ch\u1ed1ng oxy h\u00f3a, ch\u1ee9a 1.000 ch\u1ea5t ch\u1ed1ng oxy h\u00f3a.<\/p>","protected":false},"featured_media":3828,"template":"","meta":[],"product_cat":[87],"product_tag":[],"class_list":{"0":"post-3528","1":"product","2":"type-product","3":"status-publish","4":"has-post-thumbnail","6":"product_cat-coffee","8":"first","9":"instock","10":"shipping-taxable","11":"product-type-simple","12":"add-to-wishlist-after_add_to_cart"},"aioseo_notices":[],"_links":{"self":[{"href":"https:\/\/dailylifehtc.com\/vi\/wp-json\/wp\/v2\/product\/3528","targetHints":{"allow":["GET"]}}],"collection":[{"href":"https:\/\/dailylifehtc.com\/vi\/wp-json\/wp\/v2\/product"}],"about":[{"href":"https:\/\/dailylifehtc.com\/vi\/wp-json\/wp\/v2\/types\/product"}],"wp:featuredmedia":[{"embeddable":true,"href":"https:\/\/dailylifehtc.com\/vi\/wp-json\/wp\/v2\/media\/3828"}],"wp:attachment":[{"href":"https:\/\/dailylifehtc.com\/vi\/wp-json\/wp\/v2\/media?parent=3528"}],"wp:term":[{"taxonomy":"product_cat","embeddable":true,"href":"https:\/\/dailylifehtc.com\/vi\/wp-json\/wp\/v2\/product_cat?post=3528"},{"taxonomy":"product_tag","embeddable":true,"href":"https:\/\/dailylifehtc.com\/vi\/wp-json\/wp\/v2\/product_tag?post=3528"}],"curies":[{"name":"wp","href":"https:\/\/api.w.org\/{rel}","templated":true}]}}