{"id":3585,"date":"2024-05-24T06:09:53","date_gmt":"2024-05-24T06:09:53","guid":{"rendered":"http:\/\/localhost\/htc\/?post_type=product&#038;p=3585"},"modified":"2025-10-15T12:26:56","modified_gmt":"2025-10-15T12:26:56","slug":"coenzyme-q-10","status":"publish","type":"product","link":"https:\/\/dailylifehtc.com\/vi\/san-pham\/coenzyme-q-10\/","title":{"rendered":"Coenzyme Q-10 &#8211; 30 capsules (30 vi\u00ean)"},"content":{"rendered":"<p><strong>BENEFITS\u00a0<\/strong><\/p>\n<p>\u2022 Supports cardiac cell respiration, promotes heart health, and prevents viruses as the cause of myocarditis. Helps reduce the risk of cardiovascular events, reduces symptoms related to mild to moderate heart failure.<br \/>\n\u2022 Stimulates the immune cell system. Protects the body from various harmful agents from chemicals in the environment.<br \/>\n\u2022 Regulates blood pressure and reduces cholesterol levels in the blood (the leading causes of cardiovascular disease and hypertension).<br \/>\n\u2022 Prevents obesity and fat accumulation in the body&#8217;s organs, anti-aging, cancer prevention, prevents brain degeneration.<\/p>\n<p>Treatment for heart failure.<\/p>\n<p>Many studies have shown that CoQ-10 can reduce oxidative damage and improve cardiac function, thereby supporting the treatment of heart failure.<\/p>\n<p>Reduces headaches.<\/p>\n<p>When mitochondria encounter abnormalities, it can lead to increased calcium absorption by cells, excessive production of free radicals, and reduced antioxidant capacity. This can lead to energy-deficient brain cells and headaches. Because CoQ10 primarily resides in mitochondria, it has been shown to improve mitochondrial function and help reduce inflammation in headaches.<\/p>\n<p>Supports cancer prevention. Research has shown that CoQ10 can protect cells from oxidative stress, promote cellular energy production, enhance immune health, and even reduce the risk of cancer recurrence.<\/p>\n<p>&nbsp;<\/p>\n<p><strong>C\u00d4NG D\u1ee4NG<\/strong><\/p>\n<p>\u2022 H\u1ed7 tr\u1ee3 h\u00f4 h\u1ea5p t\u1ebf b\u00e0o tim, t\u0103ng c\u01b0\u1eddng s\u1ee9c kh\u1ecfe tim m\u1ea1ch, ng\u0103n ng\u1eeba virus l\u00e0 nguy\u00ean nh\u00e2n g\u00e2y vi\u00eam c\u01a1 tim. Gi\u00fap gi\u1ea3m nguy c\u01a1 m\u1eafc c\u00e1c bi\u1ebfn c\u1ed1 tim m\u1ea1ch, c\u00e1c tri\u1ec7u ch\u1ee9ng li\u00ean quan \u0111\u1ebfn suy tim m\u1ee9c \u0111\u1ed9 nh\u1eb9 \u0111\u1ebfn trung b\u00ecnh.<br \/>\n\u2022 K\u00edch th\u00edch h\u1ec7 th\u1ed1ng t\u1ebf b\u00e0o mi\u1ec5n d\u1ecbch. B\u1ea3o v\u1ec7 c\u01a1 th\u1ec3 kh\u1ecfi c\u00e1c t\u00e1c nh\u00e2n g\u00e2y h\u1ea1i t\u1eeb h\u00f3a ch\u1ea5t trong m\u00f4i tr\u01b0\u1eddng.<br \/>\n\u2022 \u0110i\u1ec1u h\u00f2a huy\u1ebft \u00e1p v\u00e0 gi\u1ea3m l\u01b0\u1ee3ng cholesterol trong m\u00e1u (nguy\u00ean nh\u00e2n h\u00e0ng \u0111\u1ea7u g\u00e2y ra b\u1ec7nh tim m\u1ea1ch v\u00e0 t\u0103ng huy\u1ebft \u00e1p).<br \/>\n\u2022 Ng\u0103n ng\u1eeba b\u00e9o ph\u00ec v\u00e0 t\u00edch t\u1ee5 m\u1ee1 trong c\u00e1c c\u01a1 quan trong c\u01a1 th\u1ec3, ch\u1ed1ng l\u00e3o h\u00f3a, ph\u00f2ng ch\u1ed1ng ung th\u01b0, ng\u0103n ng\u1eeba tho\u00e1i h\u00f3a n\u00e3o.<\/p>\n<p>\u0110i\u1ec1u tr\u1ecb suy tim.<\/p>\n<p>Nhi\u1ec1u nghi\u00ean c\u1ee9u \u0111\u00e3 ch\u1ec9 ra r\u1eb1ng CoQ-10 c\u00f3 th\u1ec3 l\u00e0m gi\u1ea3m t\u1ed5n th\u01b0\u01a1ng oxy h\u00f3a v\u00e0 c\u1ea3i thi\u1ec7n ch\u1ee9c n\u0103ng tim t\u1eeb \u0111\u00f3 h\u1ed7 tr\u1ee3 \u0111i\u1ec1u tr\u1ecb suy tim.<\/p>\n<p>Gi\u1ea3m \u0111au \u0111\u1ea7u.<\/p>\n<p>Khi ty th\u1ec3 g\u1eb7p ph\u1ea3i nh\u1eefng b\u1ea5t th\u01b0\u1eddng, n\u00f3 c\u00f3 th\u1ec3 d\u1eabn \u0111\u1ebfn t\u0103ng kh\u1ea3 n\u0103ng h\u1ea5p th\u1ee5 canxi c\u1ee7a t\u1ebf b\u00e0o, s\u1ea3n xu\u1ea5t qu\u00e1 nhi\u1ec1u g\u1ed1c t\u1ef1 do v\u00e0 gi\u1ea3m kh\u1ea3 n\u0103ng ch\u1ed1ng oxy h\u00f3a. \u0110i\u1ec1u n\u00e0y c\u00f3 th\u1ec3 d\u1eabn \u0111\u1ebfn c\u00e1c t\u1ebf b\u00e0o n\u00e3o b\u1ecb thi\u1ebfu n\u0103ng l\u01b0\u1ee3ng v\u00e0 g\u00e2y \u0111au \u0111\u1ea7u. c\u1ea3i thi\u1ec7n ch\u1ee9c n\u0103ng c\u1ee7a ty th\u1ec3 v\u00e0 gi\u00fap gi\u1ea3m vi\u00eam trong \u0111au \u0111\u1ea7u.<\/p>\n<p>H\u1ed7 tr\u1ee3 ph\u00f2ng ng\u1eeba ung th\u01b0 Nghi\u00ean c\u1ee9u \u0111\u00e3 ch\u1ec9 ra r\u1eb1ng CoQ10 c\u00f3 th\u1ec3 b\u1ea3o v\u1ec7 t\u1ebf b\u00e0o kh\u1ecfi stress oxy h\u00f3a, th\u00fac \u0111\u1ea9y s\u1ea3n xu\u1ea5t n\u0103ng l\u01b0\u1ee3ng t\u1ebf b\u00e0o, t\u0103ng c\u01b0\u1eddng s\u1ee9c kh\u1ecfe mi\u1ec5n d\u1ecbch v\u00e0 th\u1eadm ch\u00ed l\u00e0m gi\u1ea3m nguy c\u01a1 t\u00e1i ph\u00e1t ung th\u01b0.<\/p>","protected":false},"excerpt":{"rendered":"<p><strong>INGREDIENTS &#8211; TH\u00c0NH PH\u1ea6N<\/strong><\/p>\n<p>Coenzyme Q-10, Rice Bran Oil, Gelatin, Glycerin, Soybean, Titanium Dioxide<\/p>\n<p><strong>USAGE &#8211; C\u00c1CH D\u00d9NG<\/strong><\/p>\n<p>Take 1 capsule daily in the morning, 30 minutes before eating. Or take 2 capsules as directed by a physician\/healthcare professional.<\/p>\n<p>U\u1ed1ng 1 vi\u00ean m\u1ed7i ng\u00e0y v\u00e0o bu\u1ed5i s\u00e1ng, tr\u01b0\u1edbc khi \u0103n 30 ph\u00fat Ho\u1eb7c u\u1ed1ng 2 vi\u00ean theo ch\u1ec9 d\u1eabn c\u1ee7a b\u00e1c s\u0129\/chuy\u00ean gia ch\u0103m s\u00f3c s\u1ee9c kh\u1ecfe.<\/p>","protected":false},"featured_media":3827,"template":"","meta":[],"product_cat":[29,86],"product_tag":[],"class_list":{"0":"post-3585","1":"product","2":"type-product","3":"status-publish","4":"has-post-thumbnail","6":"product_cat-uncategorized","7":"product_cat-functional-foods","9":"first","10":"outofstock","11":"shipping-taxable","12":"product-type-simple","13":"add-to-wishlist-after_add_to_cart"},"aioseo_notices":[],"_links":{"self":[{"href":"https:\/\/dailylifehtc.com\/vi\/wp-json\/wp\/v2\/product\/3585","targetHints":{"allow":["GET"]}}],"collection":[{"href":"https:\/\/dailylifehtc.com\/vi\/wp-json\/wp\/v2\/product"}],"about":[{"href":"https:\/\/dailylifehtc.com\/vi\/wp-json\/wp\/v2\/types\/product"}],"wp:featuredmedia":[{"embeddable":true,"href":"https:\/\/dailylifehtc.com\/vi\/wp-json\/wp\/v2\/media\/3827"}],"wp:attachment":[{"href":"https:\/\/dailylifehtc.com\/vi\/wp-json\/wp\/v2\/media?parent=3585"}],"wp:term":[{"taxonomy":"product_cat","embeddable":true,"href":"https:\/\/dailylifehtc.com\/vi\/wp-json\/wp\/v2\/product_cat?post=3585"},{"taxonomy":"product_tag","embeddable":true,"href":"https:\/\/dailylifehtc.com\/vi\/wp-json\/wp\/v2\/product_tag?post=3585"}],"curies":[{"name":"wp","href":"https:\/\/api.w.org\/{rel}","templated":true}]}}