{"id":4028,"date":"2025-04-16T10:05:07","date_gmt":"2025-04-16T10:05:07","guid":{"rendered":"https:\/\/dailylifehtc.com\/?post_type=product&#038;p=4028"},"modified":"2025-10-21T08:10:26","modified_gmt":"2025-10-21T08:10:26","slug":"daily-mate-tea","status":"publish","type":"product","link":"https:\/\/dailylifehtc.com\/vi\/san-pham\/daily-mate-tea\/","title":{"rendered":"Daily Mate Tea &#8211; Th\u1ee9c U\u1ed1ng H\u1ea1nh Ph\u00fac"},"content":{"rendered":"<p class=\"\" data-start=\"64\" data-end=\"121\"><em><strong data-start=\"64\" data-end=\"121\">This is a special product of DaiLy Life HTC Co., Ltd.<\/strong><\/em><\/p>\n<p class=\"\" data-start=\"123\" data-end=\"529\"><strong data-start=\"123\" data-end=\"138\">INGREDIENTS<\/strong><br data-start=\"138\" data-end=\"141\" \/>Dalymate powder (Extract of South American Mate tea leaves), Ginger extract, Stevia extract, Natural flavors (Meyer Lemon flavor, Bitter Blocker flavor), Flavor enhancer Erythritol, Acidity regulator (INS 330), Flavor enhancer (Sodium Gluconate), Sweetener Maltodextrin.<br data-start=\"411\" data-end=\"414\" \/>(Tested at the Udkh Avatek Testing and Consulting Center and officially registered in accordance with regulations.)<\/p>\n<p class=\"\" data-start=\"531\" data-end=\"541\"><strong data-start=\"531\" data-end=\"539\">USES<br \/>\n<\/strong>Improves metabolic disorders, lowers blood sugar, reduces blood fat and visceral fat<br \/>\nEnhances brain function, helps maintain alertness and focus<br \/>\nOne 7g sachet can replace a nutritious breakfast.<\/p>\n<p><em>\u0110\u00e2y l\u00e0 s\u1ea3n ph\u1ea9m \u0111\u1eb7c bi\u1ec7t c\u1ee7a C\u00f4ng ty TNHH DaiLy Life HTC.<\/em><\/p>\n<p><strong>TH\u00c0NH PH\u1ea6N<br \/>\n<\/strong>B\u1ed9t Dalymate (Chi\u1ebft xu\u1ea5t l\u00e1 tr\u00e0 Mate Nam M\u1ef9), Chi\u1ebft xu\u1ea5t g\u1eebng, Chi\u1ebft xu\u1ea5t c\u1ecf ng\u1ecdt, H\u01b0\u01a1ng v\u1ecb t\u1ef1 nhi\u00ean (H\u01b0\u01a1ng Chanh Meyer, H\u01b0\u01a1ng Bitter Blocker), Ch\u1ea5t \u0111i\u1ec1u v\u1ecb Erythritol, Ch\u1ea5t \u0111i\u1ec1u ch\u1ec9nh \u0111\u1ed9 Axit(INS 330), Ch\u1ea5t \u0111i\u1ec1u v\u1ecb (Natri Gluconate), Ch\u1ea5t t\u1ea1o ng\u1ecdt Maltodextrin.<br \/>\n(\u0110\u00e3 \u0111\u01b0\u1ee3c ki\u1ec3m nghi\u1ec7m t\u1ea1i Trung t\u00e2m ki\u1ec3m nghi\u1ec7m v\u00e0 t\u01b0 v\u1ea5n Udkh Avatek, \u0111\u00e3 \u0111\u01b0\u1ee3c \u0111\u0103ng c\u00f4ng b\u1ed1 theo quy \u0111\u1ecbnh)<\/p>\n<p><strong>C\u00d4NG D\u1ee4NG<\/strong><br \/>\nC\u1ea3i thi\u1ec7n r\u1ed1i lo\u1ea1i chuy\u1ec3n h\u00f3a, gi\u1ea3m \u0111\u01b0\u1eddng huy\u1ebft, gi\u1ea3m m\u1ee1 m\u00e1u &amp; m\u1ee1 n\u1ed9i t\u1ea1ng<br \/>\nC\u1ea3i thi\u1ec7n ch\u1ee9c n\u0103ng n\u00e3o b\u1ed9, duy tr\u00ec t\u1ec9nh t\u00e1o v\u00e0 t\u1eadp trung<br \/>\n1 g\u00f3i 7g c\u00f3 th\u1ec3 thay th\u1ebf b\u1eefa \u0111i\u1ec3m t\u00e2m gi\u00e0u dinh d\u01b0\u1ee1ng.<\/p>","protected":false},"excerpt":{"rendered":"<p>This is a special product of DaiLy Life HTC Co., Ltd. INGREDIENTSDalymate powder (Extract of South American Mate tea leaves), Ginger extract, Stevia extract, Natural flavors (Meyer Lemon flavor, Bitter Blocker flavor), Flavor enhancer Erythritol, Acidity regulator (INS 330), Flavor enhancer (Sodium Gluconate), Sweetener Maltodextrin.(Tested at the Udkh Avatek Testing and Consulting Center and officially [&hellip;]<\/p>","protected":false},"featured_media":4032,"template":"","meta":[],"product_cat":[87],"product_tag":[],"class_list":{"0":"post-4028","1":"product","2":"type-product","3":"status-publish","4":"has-post-thumbnail","6":"product_cat-coffee","8":"first","9":"instock","10":"shipping-taxable","11":"product-type-simple","12":"add-to-wishlist-after_add_to_cart"},"aioseo_notices":[],"_links":{"self":[{"href":"https:\/\/dailylifehtc.com\/vi\/wp-json\/wp\/v2\/product\/4028","targetHints":{"allow":["GET"]}}],"collection":[{"href":"https:\/\/dailylifehtc.com\/vi\/wp-json\/wp\/v2\/product"}],"about":[{"href":"https:\/\/dailylifehtc.com\/vi\/wp-json\/wp\/v2\/types\/product"}],"wp:featuredmedia":[{"embeddable":true,"href":"https:\/\/dailylifehtc.com\/vi\/wp-json\/wp\/v2\/media\/4032"}],"wp:attachment":[{"href":"https:\/\/dailylifehtc.com\/vi\/wp-json\/wp\/v2\/media?parent=4028"}],"wp:term":[{"taxonomy":"product_cat","embeddable":true,"href":"https:\/\/dailylifehtc.com\/vi\/wp-json\/wp\/v2\/product_cat?post=4028"},{"taxonomy":"product_tag","embeddable":true,"href":"https:\/\/dailylifehtc.com\/vi\/wp-json\/wp\/v2\/product_tag?post=4028"}],"curies":[{"name":"wp","href":"https:\/\/api.w.org\/{rel}","templated":true}]}}